{"id":10054,"date":"2024-10-14T17:36:31","date_gmt":"2024-10-14T15:36:31","guid":{"rendered":"https:\/\/oeh-fhv.at\/?page_id=10054"},"modified":"2025-08-26T11:39:48","modified_gmt":"2025-08-26T09:39:48","slug":"oeh-helpline","status":"publish","type":"page","link":"https:\/\/oeh-fhv.at\/en\/angebote\/oeh-helpline\/","title":{"rendered":"\u00d6H Helpline"},"content":{"rendered":"<div data-elementor-type=\"wp-page\" data-elementor-id=\"10054\" class=\"elementor elementor-10054\">\n\t\t\t\t\t\t<section class=\"elementor-section elementor-top-section elementor-element elementor-element-9de6059 elementor-section-stretched elementor-section-boxed elementor-section-height-default elementor-section-height-default\" data-id=\"9de6059\" data-element_type=\"section\" data-e-type=\"section\" data-settings=\"{&quot;background_background&quot;:&quot;classic&quot;,&quot;stretch_section&quot;:&quot;section-stretched&quot;}\">\n\t\t\t\t\t\t<div class=\"elementor-container elementor-column-gap-no\">\n\t\t\t\t\t<div class=\"elementor-column elementor-col-100 elementor-top-column elementor-element elementor-element-12f312a\" data-id=\"12f312a\" data-element_type=\"column\" data-e-type=\"column\">\n\t\t\t<div class=\"elementor-widget-wrap elementor-element-populated\">\n\t\t\t\t\t\t<div class=\"elementor-element elementor-element-5c3c3180 elementor-widget elementor-widget-heading\" data-id=\"5c3c3180\" data-element_type=\"widget\" data-e-type=\"widget\" data-widget_type=\"heading.default\">\n\t\t\t\t<div class=\"elementor-widget-container\">\n\t\t\t\t\t<h4 class=\"elementor-heading-title elementor-size-default\">\u00d6H Helpline - we support you!<\/h4>\t\t\t\t<\/div>\n\t\t\t\t<\/div>\n\t\t\t\t\t<\/div>\n\t\t<\/div>\n\t\t\t\t\t<\/div>\n\t\t<\/section>\n\t\t\t\t<section class=\"elementor-section elementor-top-section elementor-element elementor-element-3f7534d6 elementor-section-stretched elementor-section-boxed elementor-section-height-default elementor-section-height-default\" data-id=\"3f7534d6\" data-element_type=\"section\" data-e-type=\"section\" data-settings=\"{&quot;stretch_section&quot;:&quot;section-stretched&quot;}\">\n\t\t\t\t\t\t<div class=\"elementor-container elementor-column-gap-default\">\n\t\t\t\t\t<div class=\"elementor-column elementor-col-100 elementor-top-column elementor-element elementor-element-5757581\" data-id=\"5757581\" data-element_type=\"column\" data-e-type=\"column\">\n\t\t\t<div class=\"elementor-widget-wrap\">\n\t\t\t\t\t\t\t<\/div>\n\t\t<\/div>\n\t\t\t\t\t<\/div>\n\t\t<\/section>\n\t\t\t\t<section class=\"elementor-section elementor-top-section elementor-element elementor-element-347b466 elementor-section-stretched elementor-section-boxed elementor-section-height-default elementor-section-height-default\" data-id=\"347b466\" data-element_type=\"section\" data-e-type=\"section\" data-settings=\"{&quot;stretch_section&quot;:&quot;section-stretched&quot;}\">\n\t\t\t\t\t\t<div class=\"elementor-container elementor-column-gap-default\">\n\t\t\t\t\t<div class=\"elementor-column elementor-col-50 elementor-top-column elementor-element elementor-element-2b42e6d\" data-id=\"2b42e6d\" data-element_type=\"column\" data-e-type=\"column\">\n\t\t\t<div class=\"elementor-widget-wrap elementor-element-populated\">\n\t\t\t\t\t\t<div class=\"elementor-element elementor-element-a37cbb1 elementor-widget elementor-widget-text-editor\" data-id=\"a37cbb1\" data-element_type=\"widget\" data-e-type=\"widget\" data-widget_type=\"text-editor.default\">\n\t\t\t\t<div class=\"elementor-widget-container\">\n\t\t\t\t\t\t\t\t\t<p class=\"wp-block-ht-blocks-messages wp-block-hb-message wp-block-hb-message--withicon is-style-alert\"><strong>Attendances<\/strong> Summer:<br \/>18.7, 1.8, 12.9<br \/><strong>Absences<\/strong> Summer:<br \/>11.7, 25.7<\/p>\t\t\t\t\t\t\t\t<\/div>\n\t\t\t\t<\/div>\n\t\t\t\t<div class=\"elementor-element elementor-element-6c3d90cb elementor-widget elementor-widget-text-editor\" data-id=\"6c3d90cb\" data-element_type=\"widget\" data-e-type=\"widget\" data-widget_type=\"text-editor.default\">\n\t\t\t\t<div class=\"elementor-widget-container\">\n\t\t\t\t\t\t\t\t\t<p>The \u00d6H Helpline at the FH Vorarlberg offers you free, confidential and uncomplicated psychotherapeutic support from a professional therapist. Whether it's exam stress, homesickness or other worries - the \u00d6H Helpline therapist is there for you.<\/p>\n<p><strong>What does the \u00d6H Helpline offer?<\/strong><\/p>\n<ul>\n<li><strong>Free initial consultation with a therapist:<\/strong> You can discuss your situation with a professional therapist in an initial consultation. This conversation often helps to gain clarity and find the right support.<\/li>\n<li><strong>Further free dates:<\/strong> After the initial consultation, you can have further sessions with the \u00d6H Helpline therapist free of charge if required.<\/li>\n<li><strong>Referral to external therapists:<\/strong> If longer-term therapy is necessary or useful, the therapist at the \u00d6H Helpline will refer you to external therapists. The first external consultation will be covered by the \u00d6H.<\/li>\n<\/ul>\n<p><strong>Get to know our therapist<\/strong><\/p>\n<p><a href=\"https:\/\/oeh-fhv.at\/en\/angebote\/oeh-helpline\/anita-vonach\/\" target=\"_blank\" rel=\"noopener\">Anita Vonach<\/a><\/p>\n<p><strong>When and where?<\/strong><\/p>\n<ul>\n<li>Every Friday from 09:00 to 12:00<\/li>\n<li>On site at the FH Vorarlberg or by telephone<\/li>\n<li>Consultancy in German or English<\/li>\n<\/ul>\n<p><strong>Appointment booking<\/strong><\/p>\n<p><span style=\"font-family: var( --e-global-typography-text-font-family ), Sans-serif; letter-spacing: 0.01em;\">You can easily book your appointment at&nbsp;<\/span><span style=\"font-family: var( --e-global-typography-text-font-family ), Sans-serif; letter-spacing: 0.01em; font-style: inherit; font-weight: inherit;\"><a href=\"https:\/\/www.bereitschaftsdienst.at\/standorte\/vorarlberg\/online-terminbuchung\/\">https:\/\/www.bereitschaftsdienst.at\/standorte\/vorarlberg\/online-terminbuchung\/<\/a> or under&nbsp;<\/span><span style=\"letter-spacing: 0.16px;\"><a href=\"https:\/\/www.oeh.ac.at\/helpline\/\">https:\/\/www.oeh.ac.at\/helpline\/<\/a> book.<\/span><\/p>\n<p>By booking and using your appointment, you agree that your personal data will be processed by the \u00d6H Helpline in order to provide counselling. If you are referred to external therapists, you also agree that your data will be passed on in order to arrange an appointment for you. Your data will remain confidential and will not be passed on to \u00d6H members. Once a year, an anonymised evaluation is created that shows which topics students have been dealing with - without the content of the conversations or personal data being passed on.<\/p>\t\t\t\t\t\t\t\t<\/div>\n\t\t\t\t<\/div>\n\t\t\t\t\t<\/div>\n\t\t<\/div>\n\t\t\t\t<div class=\"elementor-column elementor-col-50 elementor-top-column elementor-element elementor-element-e549958\" data-id=\"e549958\" data-element_type=\"column\" data-e-type=\"column\">\n\t\t\t<div class=\"elementor-widget-wrap elementor-element-populated\">\n\t\t\t\t\t\t<div class=\"elementor-element elementor-element-66ec8ad elementor-widget elementor-widget-image\" data-id=\"66ec8ad\" data-element_type=\"widget\" data-e-type=\"widget\" data-widget_type=\"image.default\">\n\t\t\t\t<div class=\"elementor-widget-container\">\n\t\t\t\t\t\t\t\t\t\t\t\t\t\t\t<img fetchpriority=\"high\" decoding=\"async\" width=\"1180\" height=\"1180\" src=\"https:\/\/oeh-fhv.at\/wp-content\/uploads\/2025\/02\/beratung_webseite-2096x2096.png\" class=\"attachment-large size-large wp-image-10310\" alt=\"\" srcset=\"https:\/\/oeh-fhv.at\/wp-content\/uploads\/2025\/02\/beratung_webseite-2096x2096.png 2096w, https:\/\/oeh-fhv.at\/wp-content\/uploads\/2025\/02\/beratung_webseite-1024x1024.png 1024w, https:\/\/oeh-fhv.at\/wp-content\/uploads\/2025\/02\/beratung_webseite-150x150.png 150w, https:\/\/oeh-fhv.at\/wp-content\/uploads\/2025\/02\/beratung_webseite-768x768.png 768w, https:\/\/oeh-fhv.at\/wp-content\/uploads\/2025\/02\/beratung_webseite-50x50.png 50w, https:\/\/oeh-fhv.at\/wp-content\/uploads\/2025\/02\/beratung_webseite-1536x1536.png 1536w, https:\/\/oeh-fhv.at\/wp-content\/uploads\/2025\/02\/beratung_webseite-2048x2048.png 2048w, https:\/\/oeh-fhv.at\/wp-content\/uploads\/2025\/02\/beratung_webseite-12x12.png 12w\" sizes=\"(max-width: 1180px) 100vw, 1180px\" \/>\t\t\t\t\t\t\t\t\t\t\t\t\t\t\t<\/div>\n\t\t\t\t<\/div>\n\t\t\t\t\t<\/div>\n\t\t<\/div>\n\t\t\t\t\t<\/div>\n\t\t<\/section>\n\t\t\t\t<section class=\"elementor-section elementor-top-section elementor-element elementor-element-64f85f5 elementor-section-boxed elementor-section-height-default elementor-section-height-default\" data-id=\"64f85f5\" data-element_type=\"section\" data-e-type=\"section\">\n\t\t\t\t\t\t<div class=\"elementor-container elementor-column-gap-default\">\n\t\t\t\t\t<div class=\"elementor-column elementor-col-100 elementor-top-column elementor-element elementor-element-3d6e651\" data-id=\"3d6e651\" data-element_type=\"column\" data-e-type=\"column\">\n\t\t\t<div class=\"elementor-widget-wrap elementor-element-populated\">\n\t\t\t\t\t\t<div class=\"elementor-element elementor-element-854848e elementor-widget elementor-widget-heading\" data-id=\"854848e\" data-element_type=\"widget\" data-e-type=\"widget\" data-widget_type=\"heading.default\">\n\t\t\t\t<div class=\"elementor-widget-container\">\n\t\t\t\t\t<h2 class=\"elementor-heading-title elementor-size-default\">FAQ<\/h2>\t\t\t\t<\/div>\n\t\t\t\t<\/div>\n\t\t\t\t\t<\/div>\n\t\t<\/div>\n\t\t\t\t\t<\/div>\n\t\t<\/section>\n\t\t\t\t<section class=\"elementor-section elementor-top-section elementor-element elementor-element-9589406 elementor-section-boxed elementor-section-height-default elementor-section-height-default\" data-id=\"9589406\" data-element_type=\"section\" data-e-type=\"section\">\n\t\t\t\t\t\t<div class=\"elementor-container elementor-column-gap-default\">\n\t\t\t\t\t<div class=\"elementor-column elementor-col-100 elementor-top-column elementor-element elementor-element-0f58b69\" data-id=\"0f58b69\" data-element_type=\"column\" data-e-type=\"column\">\n\t\t\t<div class=\"elementor-widget-wrap elementor-element-populated\">\n\t\t\t\t\t\t<div class=\"elementor-element elementor-element-2671c29 elementor-widget elementor-widget-accordion\" data-id=\"2671c29\" data-element_type=\"widget\" data-e-type=\"widget\" data-widget_type=\"accordion.default\">\n\t\t\t\t<div class=\"elementor-widget-container\">\n\t\t\t\t\t\t\t<div class=\"elementor-accordion\">\n\t\t\t\t\t\t\t<div class=\"elementor-accordion-item\">\n\t\t\t\t\t<div id=\"elementor-tab-title-4031\" class=\"elementor-tab-title\" data-tab=\"1\" role=\"button\" aria-controls=\"elementor-tab-content-4031\" aria-expanded=\"false\">\n\t\t\t\t\t\t\t\t\t\t\t\t\t<span class=\"elementor-accordion-icon elementor-accordion-icon-left\" aria-hidden=\"true\">\n\t\t\t\t\t\t\t\t\t\t\t\t\t\t\t<span class=\"elementor-accordion-icon-closed\"><i class=\"fas fa-plus\"><\/i><\/span>\n\t\t\t\t\t\t\t\t<span class=\"elementor-accordion-icon-opened\"><i class=\"fas fa-minus\"><\/i><\/span>\n\t\t\t\t\t\t\t\t\t\t\t\t\t\t<\/span>\n\t\t\t\t\t\t\t\t\t\t\t\t<a class=\"elementor-accordion-title\" tabindex=\"0\">What do I do if I need urgent support outside of counselling hours?<\/a>\n\t\t\t\t\t<\/div>\n\t\t\t\t\t<div id=\"elementor-tab-content-4031\" class=\"elementor-tab-content elementor-clearfix\" data-tab=\"1\" role=\"region\" aria-labelledby=\"elementor-tab-title-4031\"><p>If you need urgent support outside of counselling hours, there are other contact points available to you.<\/p><ul><li><p>Telephone counselling via chat <a href=\"https:\/\/chat.onlineberatung-telefonseelsorge.at\/hc\/de\">https:\/\/chat.onlineberatung-telefonseelsorge.at\/hc\/de<\/a> or under the telephone number 142<\/p><\/li><li><p>Psychological student counselling <a href=\"https:\/\/www.studierendenberatung.at\/standorte\/innsbruck\/kontakt\">https:\/\/www.studierendenberatung.at\/standorte\/innsbruck\/kontakt<\/a><\/p><\/li><\/ul><\/div>\n\t\t\t\t<\/div>\n\t\t\t\t\t\t\t<div class=\"elementor-accordion-item\">\n\t\t\t\t\t<div id=\"elementor-tab-title-4032\" class=\"elementor-tab-title\" data-tab=\"2\" role=\"button\" aria-controls=\"elementor-tab-content-4032\" aria-expanded=\"false\">\n\t\t\t\t\t\t\t\t\t\t\t\t\t<span class=\"elementor-accordion-icon elementor-accordion-icon-left\" aria-hidden=\"true\">\n\t\t\t\t\t\t\t\t\t\t\t\t\t\t\t<span class=\"elementor-accordion-icon-closed\"><i class=\"fas fa-plus\"><\/i><\/span>\n\t\t\t\t\t\t\t\t<span class=\"elementor-accordion-icon-opened\"><i class=\"fas fa-minus\"><\/i><\/span>\n\t\t\t\t\t\t\t\t\t\t\t\t\t\t<\/span>\n\t\t\t\t\t\t\t\t\t\t\t\t<a class=\"elementor-accordion-title\" tabindex=\"0\">Is the counselling confidential?<\/a>\n\t\t\t\t\t<\/div>\n\t\t\t\t\t<div id=\"elementor-tab-content-4032\" class=\"elementor-tab-content elementor-clearfix\" data-tab=\"2\" role=\"region\" aria-labelledby=\"elementor-tab-title-4032\"><p>Yes, all conversations with the therapist at the \u00d6H Helpline are strictly confidential. The duty of confidentiality applies.<\/p><\/div>\n\t\t\t\t<\/div>\n\t\t\t\t\t\t\t<div class=\"elementor-accordion-item\">\n\t\t\t\t\t<div id=\"elementor-tab-title-4033\" class=\"elementor-tab-title\" data-tab=\"3\" role=\"button\" aria-controls=\"elementor-tab-content-4033\" aria-expanded=\"false\">\n\t\t\t\t\t\t\t\t\t\t\t\t\t<span class=\"elementor-accordion-icon elementor-accordion-icon-left\" aria-hidden=\"true\">\n\t\t\t\t\t\t\t\t\t\t\t\t\t\t\t<span class=\"elementor-accordion-icon-closed\"><i class=\"fas fa-plus\"><\/i><\/span>\n\t\t\t\t\t\t\t\t<span class=\"elementor-accordion-icon-opened\"><i class=\"fas fa-minus\"><\/i><\/span>\n\t\t\t\t\t\t\t\t\t\t\t\t\t\t<\/span>\n\t\t\t\t\t\t\t\t\t\t\t\t<a class=\"elementor-accordion-title\" tabindex=\"0\">How long does it take to get an appointment with an external therapist?<\/a>\n\t\t\t\t\t<\/div>\n\t\t\t\t\t<div id=\"elementor-tab-content-4033\" class=\"elementor-tab-content elementor-clearfix\" data-tab=\"3\" role=\"region\" aria-labelledby=\"elementor-tab-title-4033\"><p>The therapist at the \u00d6H Helpline will endeavour to organise an appointment for you with an external therapist within 1-2 weeks. If it takes longer, you can continue to use the free counselling services of the \u00d6H Helpline.<\/p><\/div>\n\t\t\t\t<\/div>\n\t\t\t\t\t\t\t<div class=\"elementor-accordion-item\">\n\t\t\t\t\t<div id=\"elementor-tab-title-4034\" class=\"elementor-tab-title\" data-tab=\"4\" role=\"button\" aria-controls=\"elementor-tab-content-4034\" aria-expanded=\"false\">\n\t\t\t\t\t\t\t\t\t\t\t\t\t<span class=\"elementor-accordion-icon elementor-accordion-icon-left\" aria-hidden=\"true\">\n\t\t\t\t\t\t\t\t\t\t\t\t\t\t\t<span class=\"elementor-accordion-icon-closed\"><i class=\"fas fa-plus\"><\/i><\/span>\n\t\t\t\t\t\t\t\t<span class=\"elementor-accordion-icon-opened\"><i class=\"fas fa-minus\"><\/i><\/span>\n\t\t\t\t\t\t\t\t\t\t\t\t\t\t<\/span>\n\t\t\t\t\t\t\t\t\t\t\t\t<a class=\"elementor-accordion-title\" tabindex=\"0\">How does the initial consultation with the \u00d6H Helpline work?<\/a>\n\t\t\t\t\t<\/div>\n\t\t\t\t\t<div id=\"elementor-tab-content-4034\" class=\"elementor-tab-content elementor-clearfix\" data-tab=\"4\" role=\"region\" aria-labelledby=\"elementor-tab-title-4034\"><p>In the initial consultation, you will discuss your current situation with the therapist. This can be about all kinds of problems - whether exam stress, personal worries or homesickness. The therapist will help you to gain clarity and plan the next steps as to whether it will remain a counselling session or whether further therapy makes sense.<\/p><\/div>\n\t\t\t\t<\/div>\n\t\t\t\t\t\t\t<div class=\"elementor-accordion-item\">\n\t\t\t\t\t<div id=\"elementor-tab-title-4035\" class=\"elementor-tab-title\" data-tab=\"5\" role=\"button\" aria-controls=\"elementor-tab-content-4035\" aria-expanded=\"false\">\n\t\t\t\t\t\t\t\t\t\t\t\t\t<span class=\"elementor-accordion-icon elementor-accordion-icon-left\" aria-hidden=\"true\">\n\t\t\t\t\t\t\t\t\t\t\t\t\t\t\t<span class=\"elementor-accordion-icon-closed\"><i class=\"fas fa-plus\"><\/i><\/span>\n\t\t\t\t\t\t\t\t<span class=\"elementor-accordion-icon-opened\"><i class=\"fas fa-minus\"><\/i><\/span>\n\t\t\t\t\t\t\t\t\t\t\t\t\t\t<\/span>\n\t\t\t\t\t\t\t\t\t\t\t\t<a class=\"elementor-accordion-title\" tabindex=\"0\">Can I also take advantage of counselling in English?<\/a>\n\t\t\t\t\t<\/div>\n\t\t\t\t\t<div id=\"elementor-tab-content-4035\" class=\"elementor-tab-content elementor-clearfix\" data-tab=\"5\" role=\"region\" aria-labelledby=\"elementor-tab-title-4035\"><p>Yes, counselling can take place in German or English - whichever suits you best.<\/p><\/div>\n\t\t\t\t<\/div>\n\t\t\t\t\t\t\t<div class=\"elementor-accordion-item\">\n\t\t\t\t\t<div id=\"elementor-tab-title-4036\" class=\"elementor-tab-title\" data-tab=\"6\" role=\"button\" aria-controls=\"elementor-tab-content-4036\" aria-expanded=\"false\">\n\t\t\t\t\t\t\t\t\t\t\t\t\t<span class=\"elementor-accordion-icon elementor-accordion-icon-left\" aria-hidden=\"true\">\n\t\t\t\t\t\t\t\t\t\t\t\t\t\t\t<span class=\"elementor-accordion-icon-closed\"><i class=\"fas fa-plus\"><\/i><\/span>\n\t\t\t\t\t\t\t\t<span class=\"elementor-accordion-icon-opened\"><i class=\"fas fa-minus\"><\/i><\/span>\n\t\t\t\t\t\t\t\t\t\t\t\t\t\t<\/span>\n\t\t\t\t\t\t\t\t\t\t\t\t<a class=\"elementor-accordion-title\" tabindex=\"0\">What happens if I can't come to my appointment at short notice?<\/a>\n\t\t\t\t\t<\/div>\n\t\t\t\t\t<div id=\"elementor-tab-content-4036\" class=\"elementor-tab-content elementor-clearfix\" data-tab=\"6\" role=\"region\" aria-labelledby=\"elementor-tab-title-4036\"><p>If you are unable to attend an appointment, please cancel it as early as possible so that the appointment can be offered to another student. Cancellation at short notice is of course possible in emergencies, but the earlier you let us know, the better.<\/p><\/div>\n\t\t\t\t<\/div>\n\t\t\t\t\t\t\t<div class=\"elementor-accordion-item\">\n\t\t\t\t\t<div id=\"elementor-tab-title-4037\" class=\"elementor-tab-title\" data-tab=\"7\" role=\"button\" aria-controls=\"elementor-tab-content-4037\" aria-expanded=\"false\">\n\t\t\t\t\t\t\t\t\t\t\t\t\t<span class=\"elementor-accordion-icon elementor-accordion-icon-left\" aria-hidden=\"true\">\n\t\t\t\t\t\t\t\t\t\t\t\t\t\t\t<span class=\"elementor-accordion-icon-closed\"><i class=\"fas fa-plus\"><\/i><\/span>\n\t\t\t\t\t\t\t\t<span class=\"elementor-accordion-icon-opened\"><i class=\"fas fa-minus\"><\/i><\/span>\n\t\t\t\t\t\t\t\t\t\t\t\t\t\t<\/span>\n\t\t\t\t\t\t\t\t\t\t\t\t<a class=\"elementor-accordion-title\" tabindex=\"0\">Will the \u00d6H know my name if I take advantage of the free first lesson with the external therapist?<\/a>\n\t\t\t\t\t<\/div>\n\t\t\t\t\t<div id=\"elementor-tab-content-4037\" class=\"elementor-tab-content elementor-clearfix\" data-tab=\"7\" role=\"region\" aria-labelledby=\"elementor-tab-title-4037\"><p>No, the \u00d6H does not receive any personal information or names. Invoices are forwarded anonymously to the \u00d6H via the Association for Psychotherapy to ensure your anonymity.<\/p><\/div>\n\t\t\t\t<\/div>\n\t\t\t\t\t\t\t<div class=\"elementor-accordion-item\">\n\t\t\t\t\t<div id=\"elementor-tab-title-4038\" class=\"elementor-tab-title\" data-tab=\"8\" role=\"button\" aria-controls=\"elementor-tab-content-4038\" aria-expanded=\"false\">\n\t\t\t\t\t\t\t\t\t\t\t\t\t<span class=\"elementor-accordion-icon elementor-accordion-icon-left\" aria-hidden=\"true\">\n\t\t\t\t\t\t\t\t\t\t\t\t\t\t\t<span class=\"elementor-accordion-icon-closed\"><i class=\"fas fa-plus\"><\/i><\/span>\n\t\t\t\t\t\t\t\t<span class=\"elementor-accordion-icon-opened\"><i class=\"fas fa-minus\"><\/i><\/span>\n\t\t\t\t\t\t\t\t\t\t\t\t\t\t<\/span>\n\t\t\t\t\t\t\t\t\t\t\t\t<a class=\"elementor-accordion-title\" tabindex=\"0\">Can I look for a therapist myself and the \u00d6H will cover the costs for the first lesson?<\/a>\n\t\t\t\t\t<\/div>\n\t\t\t\t\t<div id=\"elementor-tab-content-4038\" class=\"elementor-tab-content elementor-clearfix\" data-tab=\"8\" role=\"region\" aria-labelledby=\"elementor-tab-title-4038\"><p>No, the costs will only be covered if you first use the \u00d6H Helpline and are referred to external therapists by the \u00d6H Helpline therapist.\u00a0<\/p><\/div>\n\t\t\t\t<\/div>\n\t\t\t\t\t\t\t<div class=\"elementor-accordion-item\">\n\t\t\t\t\t<div id=\"elementor-tab-title-4039\" class=\"elementor-tab-title\" data-tab=\"9\" role=\"button\" aria-controls=\"elementor-tab-content-4039\" aria-expanded=\"false\">\n\t\t\t\t\t\t\t\t\t\t\t\t\t<span class=\"elementor-accordion-icon elementor-accordion-icon-left\" aria-hidden=\"true\">\n\t\t\t\t\t\t\t\t\t\t\t\t\t\t\t<span class=\"elementor-accordion-icon-closed\"><i class=\"fas fa-plus\"><\/i><\/span>\n\t\t\t\t\t\t\t\t<span class=\"elementor-accordion-icon-opened\"><i class=\"fas fa-minus\"><\/i><\/span>\n\t\t\t\t\t\t\t\t\t\t\t\t\t\t<\/span>\n\t\t\t\t\t\t\t\t\t\t\t\t<a class=\"elementor-accordion-title\" tabindex=\"0\">Do I have to pay for counselling at the \u00d6H Helpline?<\/a>\n\t\t\t\t\t<\/div>\n\t\t\t\t\t<div id=\"elementor-tab-content-4039\" class=\"elementor-tab-content elementor-clearfix\" data-tab=\"9\" role=\"region\" aria-labelledby=\"elementor-tab-title-4039\"><p>No, the counselling sessions at the \u00d6H Helpline and the first external session after being referred by the \u00d6H Helpline therapist are completely free of charge. The costs will be covered for you (if you are studying at FH Vorarlberg or Schloss Hofen).<\/p><\/div>\n\t\t\t\t<\/div>\n\t\t\t\t\t\t\t\t<\/div>\n\t\t\t\t\t\t<\/div>\n\t\t\t\t<\/div>\n\t\t\t\t\t<\/div>\n\t\t<\/div>\n\t\t\t\t\t<\/div>\n\t\t<\/section>\n\t\t\t\t<\/div>","protected":false},"excerpt":{"rendered":"<p>\u00d6H Helpline &#8211; wir unterst\u00fctzen dich! Anwesenheiten Sommer:18.7, 1.8, 12.9Abwesenheiten Sommer:11.7, 25.7 Die \u00d6H Helpline an der FH Vorarlberg bietet dir durch eine professionelle Therapeutin kostenlose, vertrauliche und unkomplizierte psychotherapeutische [&hellip;]<\/p>\n","protected":false},"author":1,"featured_media":0,"parent":3894,"menu_order":3,"comment_status":"closed","ping_status":"closed","template":"elementor_header_footer","meta":{"zakra_page_container_layout":"stretched","zakra_page_sidebar_layout":"no_sidebar","zakra_remove_content_margin":false,"zakra_sidebar":"customizer","zakra_transparent_header":"0","zakra_logo":0,"zakra_main_header_style":"default","zakra_menu_item_color":"","zakra_menu_item_hover_color":"","zakra_menu_item_active_color":"","zakra_menu_active_style":"","zakra_page_header":true,"footnotes":""},"class_list":["post-10054","page","type-page","status-publish","hentry"],"_links":{"self":[{"href":"https:\/\/oeh-fhv.at\/en\/wp-json\/wp\/v2\/pages\/10054","targetHints":{"allow":["GET"]}}],"collection":[{"href":"https:\/\/oeh-fhv.at\/en\/wp-json\/wp\/v2\/pages"}],"about":[{"href":"https:\/\/oeh-fhv.at\/en\/wp-json\/wp\/v2\/types\/page"}],"author":[{"embeddable":true,"href":"https:\/\/oeh-fhv.at\/en\/wp-json\/wp\/v2\/users\/1"}],"replies":[{"embeddable":true,"href":"https:\/\/oeh-fhv.at\/en\/wp-json\/wp\/v2\/comments?post=10054"}],"version-history":[{"count":64,"href":"https:\/\/oeh-fhv.at\/en\/wp-json\/wp\/v2\/pages\/10054\/revisions"}],"predecessor-version":[{"id":10620,"href":"https:\/\/oeh-fhv.at\/en\/wp-json\/wp\/v2\/pages\/10054\/revisions\/10620"}],"up":[{"embeddable":true,"href":"https:\/\/oeh-fhv.at\/en\/wp-json\/wp\/v2\/pages\/3894"}],"wp:attachment":[{"href":"https:\/\/oeh-fhv.at\/en\/wp-json\/wp\/v2\/media?parent=10054"}],"curies":[{"name":"wp","href":"https:\/\/api.w.org\/{rel}","templated":true}]}}