{"id":10149,"date":"2024-11-28T10:43:53","date_gmt":"2024-11-28T09:43:53","guid":{"rendered":"https:\/\/oeh-fhv.at\/?page_id=10149"},"modified":"2024-11-28T10:46:25","modified_gmt":"2024-11-28T09:46:25","slug":"wc-fuer-alle-queerreferat","status":"publish","type":"page","link":"https:\/\/oeh-fhv.at\/en\/angebote\/wc-fuer-alle-queerreferat\/","title":{"rendered":"WC for all"},"content":{"rendered":"<div data-elementor-type=\"wp-page\" data-elementor-id=\"10149\" class=\"elementor elementor-10149\">\n\t\t\t\t\t\t<section class=\"elementor-section elementor-top-section elementor-element elementor-element-4df297c0 elementor-section-stretched elementor-section-boxed elementor-section-height-default elementor-section-height-default\" data-id=\"4df297c0\" data-element_type=\"section\" data-e-type=\"section\" data-settings=\"{&quot;background_background&quot;:&quot;classic&quot;,&quot;stretch_section&quot;:&quot;section-stretched&quot;}\">\n\t\t\t\t\t\t<div class=\"elementor-container elementor-column-gap-no\">\n\t\t\t\t\t<div class=\"elementor-column elementor-col-100 elementor-top-column elementor-element elementor-element-5411abe\" data-id=\"5411abe\" data-element_type=\"column\" data-e-type=\"column\">\n\t\t\t<div class=\"elementor-widget-wrap elementor-element-populated\">\n\t\t\t\t\t\t<div class=\"elementor-element elementor-element-bca1b88 elementor-widget elementor-widget-heading\" data-id=\"bca1b88\" data-element_type=\"widget\" data-e-type=\"widget\" data-widget_type=\"heading.default\">\n\t\t\t\t<div class=\"elementor-widget-container\">\n\t\t\t\t\t<h4 class=\"elementor-heading-title elementor-size-default\">WCs for ALL \ud83d\udebd<\/h4>\t\t\t\t<\/div>\n\t\t\t\t<\/div>\n\t\t\t\t\t<\/div>\n\t\t<\/div>\n\t\t\t\t\t<\/div>\n\t\t<\/section>\n\t\t\t\t<section class=\"elementor-section elementor-top-section elementor-element elementor-element-38bba67a elementor-section-stretched elementor-section-boxed elementor-section-height-default elementor-section-height-default\" data-id=\"38bba67a\" data-element_type=\"section\" data-e-type=\"section\" data-settings=\"{&quot;stretch_section&quot;:&quot;section-stretched&quot;}\">\n\t\t\t\t\t\t<div class=\"elementor-container elementor-column-gap-default\">\n\t\t\t\t\t<div class=\"elementor-column elementor-col-100 elementor-top-column elementor-element elementor-element-720e4354\" data-id=\"720e4354\" data-element_type=\"column\" data-e-type=\"column\">\n\t\t\t<div class=\"elementor-widget-wrap elementor-element-populated\">\n\t\t\t\t\t\t<div class=\"elementor-element elementor-element-50da05f8 elementor-widget elementor-widget-text-editor\" data-id=\"50da05f8\" data-element_type=\"widget\" data-e-type=\"widget\" data-widget_type=\"text-editor.default\">\n\t\t\t\t<div class=\"elementor-widget-container\">\n\t\t\t\t\t\t\t\t\t<section class=\"elementor-section elementor-top-section elementor-element elementor-element-38bba67a elementor-section-stretched elementor-section-boxed elementor-section-height-default elementor-section-height-default\" data-id=\"38bba67a\" data-element_type=\"section\" data-settings=\"{&quot;stretch_section&quot;:&quot;section-stretched&quot;}\"><div class=\"elementor-container elementor-column-gap-default\"><div class=\"elementor-row\"><div class=\"elementor-column elementor-col-100 elementor-top-column elementor-element elementor-element-720e4354\" data-id=\"720e4354\" data-element_type=\"column\"><div class=\"elementor-column-wrap elementor-element-populated\"><div class=\"elementor-widget-wrap\"><div class=\"elementor-element elementor-element-7dbed226 elementor-widget elementor-widget-heading\" data-id=\"7dbed226\" data-element_type=\"widget\" data-widget_type=\"heading.default\"><div class=\"elementor-widget-container\"><div><p><span data-olk-copy-source=\"MessageBody\">The conventional, binary-gender labelling of toilets harbours a high potential for discrimination for trans*, inter* and non-binary people. Many experience verbal abuse, threats or even physical attacks because they have used a supposedly \"wrong\" toilet. This everyday burden often leads to those affected avoiding public toilets, which can have both psychological and physical consequences.<\/span><\/p><\/div><div><p>To tackle this problem and enable equal participation in public life, \"toilets for all\" are an important step. They offer a non-discriminatory and safe space that all people can use without fear or stress. In this way, we create a\u00a0<b>Potential Safer Space<\/b> and promote a more inclusive environment at the UAS.<\/p><\/div><div><p>Our aim is to set up at least one \"toilet for all\" in every UAS building. Responsible use of these toilets is crucial in order to maintain and expand them in the long term.<\/p><\/div><\/div><\/div><\/div><\/div><\/div><\/div><\/div><\/section>\t\t\t\t\t\t\t\t<\/div>\n\t\t\t\t<\/div>\n\t\t\t\t\t<\/div>\n\t\t<\/div>\n\t\t\t\t\t<\/div>\n\t\t<\/section>\n\t\t\t\t<\/div>","protected":false},"excerpt":{"rendered":"<p>WCs f\u00fcr ALLE \ud83d\udebd Die herk\u00f6mmliche, bin\u00e4r-geschlechtliche Beschilderung von Toiletten birgt f\u00fcr trans*, inter* und nicht-bin\u00e4re Personen ein hohes Diskriminierungspotential. Viele erleben Beschimpfungen, Bedrohungen oder sogar k\u00f6rperliche Angriffe, weil sie [&hellip;]<\/p>\n","protected":false},"author":9,"featured_media":0,"parent":3894,"menu_order":4,"comment_status":"closed","ping_status":"closed","template":"elementor_header_footer","meta":{"zakra_page_container_layout":"contained","zakra_page_sidebar_layout":"no_sidebar","zakra_remove_content_margin":false,"zakra_sidebar":"customizer","zakra_transparent_header":"0","zakra_logo":0,"zakra_main_header_style":"default","zakra_menu_item_color":"","zakra_menu_item_hover_color":"","zakra_menu_item_active_color":"","zakra_menu_active_style":"","zakra_page_header":true,"footnotes":""},"class_list":["post-10149","page","type-page","status-publish","hentry"],"_links":{"self":[{"href":"https:\/\/oeh-fhv.at\/en\/wp-json\/wp\/v2\/pages\/10149","targetHints":{"allow":["GET"]}}],"collection":[{"href":"https:\/\/oeh-fhv.at\/en\/wp-json\/wp\/v2\/pages"}],"about":[{"href":"https:\/\/oeh-fhv.at\/en\/wp-json\/wp\/v2\/types\/page"}],"author":[{"embeddable":true,"href":"https:\/\/oeh-fhv.at\/en\/wp-json\/wp\/v2\/users\/9"}],"replies":[{"embeddable":true,"href":"https:\/\/oeh-fhv.at\/en\/wp-json\/wp\/v2\/comments?post=10149"}],"version-history":[{"count":5,"href":"https:\/\/oeh-fhv.at\/en\/wp-json\/wp\/v2\/pages\/10149\/revisions"}],"predecessor-version":[{"id":10155,"href":"https:\/\/oeh-fhv.at\/en\/wp-json\/wp\/v2\/pages\/10149\/revisions\/10155"}],"up":[{"embeddable":true,"href":"https:\/\/oeh-fhv.at\/en\/wp-json\/wp\/v2\/pages\/3894"}],"wp:attachment":[{"href":"https:\/\/oeh-fhv.at\/en\/wp-json\/wp\/v2\/media?parent=10149"}],"curies":[{"name":"wp","href":"https:\/\/api.w.org\/{rel}","templated":true}]}}