{"id":10727,"date":"2025-10-20T18:37:28","date_gmt":"2025-10-20T16:37:28","guid":{"rendered":"https:\/\/oeh-fhv.at\/?page_id=10727"},"modified":"2025-10-20T18:39:40","modified_gmt":"2025-10-20T16:39:40","slug":"informationsfreiheitsgesetz-ifg","status":"publish","type":"page","link":"https:\/\/oeh-fhv.at\/en\/informationsfreiheitsgesetz-ifg\/","title":{"rendered":"Freedom of Information Act (IFG)"},"content":{"rendered":"<div data-elementor-type=\"wp-page\" data-elementor-id=\"10727\" class=\"elementor elementor-10727\">\n\t\t\t\t\t\t<section class=\"elementor-section elementor-top-section elementor-element elementor-element-775246c1 elementor-section-stretched elementor-section-boxed elementor-section-height-default elementor-section-height-default\" data-id=\"775246c1\" data-element_type=\"section\" data-e-type=\"section\" data-settings=\"{&quot;background_background&quot;:&quot;classic&quot;,&quot;stretch_section&quot;:&quot;section-stretched&quot;}\">\n\t\t\t\t\t\t<div class=\"elementor-container elementor-column-gap-no\">\n\t\t\t\t\t<div class=\"elementor-column elementor-col-100 elementor-top-column elementor-element elementor-element-1ff46579\" data-id=\"1ff46579\" data-element_type=\"column\" data-e-type=\"column\">\n\t\t\t<div class=\"elementor-widget-wrap elementor-element-populated\">\n\t\t\t\t\t\t<div class=\"elementor-element elementor-element-518d6f71 elementor-widget elementor-widget-heading\" data-id=\"518d6f71\" data-element_type=\"widget\" data-e-type=\"widget\" data-widget_type=\"heading.default\">\n\t\t\t\t<div class=\"elementor-widget-container\">\n\t\t\t\t\t<h4 class=\"elementor-heading-title elementor-size-default\"><!--StartFragment--><span data-olk-copy-source=\"MessageBody\">Freedom of Information Act (IFG)<\/span><!--EndFragment--><\/h4>\t\t\t\t<\/div>\n\t\t\t\t<\/div>\n\t\t\t\t\t<\/div>\n\t\t<\/div>\n\t\t\t\t\t<\/div>\n\t\t<\/section>\n\t\t\t\t<section class=\"elementor-section elementor-top-section elementor-element elementor-element-6991e61 elementor-section-stretched elementor-section-boxed elementor-section-height-default elementor-section-height-default\" data-id=\"6991e61\" data-element_type=\"section\" data-e-type=\"section\" data-settings=\"{&quot;stretch_section&quot;:&quot;section-stretched&quot;}\">\n\t\t\t\t\t\t<div class=\"elementor-container elementor-column-gap-default\">\n\t\t\t\t\t<div class=\"elementor-column elementor-col-100 elementor-top-column elementor-element elementor-element-148503fd\" data-id=\"148503fd\" data-element_type=\"column\" data-e-type=\"column\">\n\t\t\t<div class=\"elementor-widget-wrap elementor-element-populated\">\n\t\t\t\t\t\t<div class=\"elementor-element elementor-element-523c3cb elementor-widget elementor-widget-heading\" data-id=\"523c3cb\" data-element_type=\"widget\" data-e-type=\"widget\" data-widget_type=\"heading.default\">\n\t\t\t\t<div class=\"elementor-widget-container\">\n\t\t\t\t\t<h2 class=\"elementor-heading-title elementor-size-default\"><!--StartFragment--><span data-olk-copy-source=\"MessageBody\">Freedom of Information Act (IFG)<\/span><!--EndFragment--><\/h2>\t\t\t\t<\/div>\n\t\t\t\t<\/div>\n\t\t\t\t<div class=\"elementor-element elementor-element-7aa07063 elementor-widget elementor-widget-text-editor\" data-id=\"7aa07063\" data-element_type=\"widget\" data-e-type=\"widget\" data-widget_type=\"text-editor.default\">\n\t\t\t\t<div class=\"elementor-widget-container\">\n\t\t\t\t\t\t\t\t\t<div class=\"x_elementToProof\" data-olk-copy-source=\"MessageBody\">Under the Freedom of Information Act, citizens have the right to access information that is in the public interest.<br \/>If you have any questions, concerns or requests for information in connection with the Freedom of Information Act, please do not hesitate to contact us.<\/div><div data-olk-copy-source=\"MessageBody\">\u00a0<\/div><div class=\"x_elementToProof\">\ud83d\udce9\u00a0<b>Contact:<\/b> <a href=\"mailto:ifg-oeh@fhv.at\">ifg-oeh@fhv.at<\/a><\/div><div>\u00a0<\/div><div class=\"x_elementToProof\">We will process your enquiry as quickly as possible and will be happy to answer any further questions you may have.<\/div>\t\t\t\t\t\t\t\t<\/div>\n\t\t\t\t<\/div>\n\t\t\t\t\t<\/div>\n\t\t<\/div>\n\t\t\t\t\t<\/div>\n\t\t<\/section>\n\t\t\t\t<\/div>","protected":false},"excerpt":{"rendered":"<p>Informationsfreiheitsgesetz (IFG) Informationsfreiheitsgesetz (IFG) Im Sinne des Informationsfreiheitsgesetzes haben B\u00fcrgerinnen und B\u00fcrger das Recht auf Zugang zu Informationen, die im \u00f6ffentlichen Interesse stehen.Sollten Sie Fragen, Anliegen oder Auskunftsersuchen im Zusammenhang [&hellip;]<\/p>\n","protected":false},"author":9,"featured_media":0,"parent":0,"menu_order":0,"comment_status":"closed","ping_status":"closed","template":"elementor_header_footer","meta":{"zakra_page_container_layout":"stretched","zakra_page_sidebar_layout":"no_sidebar","zakra_remove_content_margin":false,"zakra_sidebar":"customizer","zakra_transparent_header":"0","zakra_logo":0,"zakra_main_header_style":"default","zakra_menu_item_color":"","zakra_menu_item_hover_color":"","zakra_menu_item_active_color":"","zakra_menu_active_style":"","zakra_page_header":true,"footnotes":""},"class_list":["post-10727","page","type-page","status-publish","hentry"],"_links":{"self":[{"href":"https:\/\/oeh-fhv.at\/en\/wp-json\/wp\/v2\/pages\/10727","targetHints":{"allow":["GET"]}}],"collection":[{"href":"https:\/\/oeh-fhv.at\/en\/wp-json\/wp\/v2\/pages"}],"about":[{"href":"https:\/\/oeh-fhv.at\/en\/wp-json\/wp\/v2\/types\/page"}],"author":[{"embeddable":true,"href":"https:\/\/oeh-fhv.at\/en\/wp-json\/wp\/v2\/users\/9"}],"replies":[{"embeddable":true,"href":"https:\/\/oeh-fhv.at\/en\/wp-json\/wp\/v2\/comments?post=10727"}],"version-history":[{"count":7,"href":"https:\/\/oeh-fhv.at\/en\/wp-json\/wp\/v2\/pages\/10727\/revisions"}],"predecessor-version":[{"id":10734,"href":"https:\/\/oeh-fhv.at\/en\/wp-json\/wp\/v2\/pages\/10727\/revisions\/10734"}],"wp:attachment":[{"href":"https:\/\/oeh-fhv.at\/en\/wp-json\/wp\/v2\/media?parent=10727"}],"curies":[{"name":"wp","href":"https:\/\/api.w.org\/{rel}","templated":true}]}}