{"id":10765,"date":"2025-10-23T09:17:40","date_gmt":"2025-10-23T07:17:40","guid":{"rendered":"https:\/\/oeh-fhv.at\/?page_id=10765"},"modified":"2025-10-23T09:22:08","modified_gmt":"2025-10-23T07:22:08","slug":"erste-hilfe-fuehrerscheinkurs","status":"publish","type":"page","link":"https:\/\/oeh-fhv.at\/en\/angebote\/erste-hilfe-fuehrerscheinkurs\/","title":{"rendered":"First aid driving licence course"},"content":{"rendered":"<div data-elementor-type=\"wp-page\" data-elementor-id=\"10765\" class=\"elementor elementor-10765\">\n\t\t\t\t\t\t<section class=\"elementor-section elementor-top-section elementor-element elementor-element-9de6059 elementor-section-stretched elementor-section-boxed elementor-section-height-default elementor-section-height-default\" data-id=\"9de6059\" data-element_type=\"section\" data-e-type=\"section\" data-settings=\"{&quot;background_background&quot;:&quot;classic&quot;,&quot;stretch_section&quot;:&quot;section-stretched&quot;}\">\n\t\t\t\t\t\t<div class=\"elementor-container elementor-column-gap-no\">\n\t\t\t\t\t<div class=\"elementor-column elementor-col-100 elementor-top-column elementor-element elementor-element-12f312a\" data-id=\"12f312a\" data-element_type=\"column\" data-e-type=\"column\">\n\t\t\t<div class=\"elementor-widget-wrap elementor-element-populated\">\n\t\t\t\t\t\t<div class=\"elementor-element elementor-element-5c3c3180 elementor-widget elementor-widget-heading\" data-id=\"5c3c3180\" data-element_type=\"widget\" data-e-type=\"widget\" data-widget_type=\"heading.default\">\n\t\t\t\t<div class=\"elementor-widget-container\">\n\t\t\t\t\t<h4 class=\"elementor-heading-title elementor-size-default\">First aid driving licence course<\/h4>\t\t\t\t<\/div>\n\t\t\t\t<\/div>\n\t\t\t\t\t<\/div>\n\t\t<\/div>\n\t\t\t\t\t<\/div>\n\t\t<\/section>\n\t\t\t\t<section class=\"elementor-section elementor-top-section elementor-element elementor-element-3f7534d6 elementor-section-stretched elementor-section-boxed elementor-section-height-default elementor-section-height-default\" data-id=\"3f7534d6\" data-element_type=\"section\" data-e-type=\"section\" data-settings=\"{&quot;stretch_section&quot;:&quot;section-stretched&quot;}\">\n\t\t\t\t\t\t<div class=\"elementor-container elementor-column-gap-default\">\n\t\t\t\t\t<div class=\"elementor-column elementor-col-100 elementor-top-column elementor-element elementor-element-7f4ef46d\" data-id=\"7f4ef46d\" data-element_type=\"column\" data-e-type=\"column\">\n\t\t\t<div class=\"elementor-widget-wrap elementor-element-populated\">\n\t\t\t\t\t\t<div class=\"elementor-element elementor-element-6c3d90cb elementor-widget elementor-widget-text-editor\" data-id=\"6c3d90cb\" data-element_type=\"widget\" data-e-type=\"widget\" data-widget_type=\"text-editor.default\">\n\t\t\t\t<div class=\"elementor-widget-container\">\n\t\t\t\t\t\t\t\t\t<p>Reacting correctly in emergency situations and being able to provide first aid quickly and competently is important in every situation in life - whether at a university of applied sciences, at work or at home.<\/p><p>For this reason, the\u00a0<strong>Social Politics Department<\/strong>\u00a0on\u00a0<strong>Monday, the 19.01.2026<\/strong>, to provide students at the Vorarlberg University of Applied Sciences with a\u00a0<strong>six-hour first aid driving licence course free of charge<\/strong>\u00a0to.<\/p><p><strong>When\/Where:<\/strong><br \/>The course takes place from\u00a0<strong>8:00 to 15:00<\/strong>\u00a0at the Vorarlberg University of Applied Sciences in\u00a0<strong>Room U212<\/strong>\u00a0instead.<br \/>The maximum number of participants is limited to\u00a0<strong>18 students<\/strong>\u00a0limited - whoever registers first gets the place.<br \/>In addition, a\u00a0<strong>Waiting list<\/strong>\u00a0should someone drop out.<br \/>The course can also be booked at the\u00a0<strong>Driving licence test<\/strong>\u00a0and counts as an initial or refresher course.<\/p><p>If you have registered but are unable to attend, please contact us at\u00a0<strong>E-mail<\/strong>\u00a0by no later than\u00a0<strong>16.01.2026<\/strong>so that people on the waiting list can move up.<br \/>If no cancellation is made in due time despite registration (except in the case of illness, accident, etc.), a\u00a0<strong>cancellation fee of \u20ac 85.00<\/strong>\u00a0to pay.<\/p><p>The seats are allocated according to the\u00a0<strong>first-come-first-serve principle<\/strong>\u00a0awarded.<br \/>The minimum number of participants required for the course to take place is\u00a0<strong>10 persons<\/strong>.<\/p>\t\t\t\t\t\t\t\t<\/div>\n\t\t\t\t<\/div>\n\t\t\t\t\t<\/div>\n\t\t<\/div>\n\t\t\t\t\t<\/div>\n\t\t<\/section>\n\t\t\t\t<\/div>","protected":false},"excerpt":{"rendered":"<p>Erste-Hilfe-F\u00fchrerscheinkurs Richtiges Reagieren in Notfallsituationen und die F\u00e4higkeit, schnell und kompetent Erste Hilfe leisten zu k\u00f6nnen, ist in jeder Lebenslage wichtig \u2013 egal ob an der Fachhochschule, am Arbeitsplatz oder [&hellip;]<\/p>\n","protected":false},"author":9,"featured_media":0,"parent":3894,"menu_order":3,"comment_status":"closed","ping_status":"closed","template":"elementor_header_footer","meta":{"zakra_page_container_layout":"stretched","zakra_page_sidebar_layout":"no_sidebar","zakra_remove_content_margin":false,"zakra_sidebar":"customizer","zakra_transparent_header":"0","zakra_logo":0,"zakra_main_header_style":"default","zakra_menu_item_color":"","zakra_menu_item_hover_color":"","zakra_menu_item_active_color":"","zakra_menu_active_style":"","zakra_page_header":true,"footnotes":""},"class_list":["post-10765","page","type-page","status-publish","hentry"],"_links":{"self":[{"href":"https:\/\/oeh-fhv.at\/en\/wp-json\/wp\/v2\/pages\/10765","targetHints":{"allow":["GET"]}}],"collection":[{"href":"https:\/\/oeh-fhv.at\/en\/wp-json\/wp\/v2\/pages"}],"about":[{"href":"https:\/\/oeh-fhv.at\/en\/wp-json\/wp\/v2\/types\/page"}],"author":[{"embeddable":true,"href":"https:\/\/oeh-fhv.at\/en\/wp-json\/wp\/v2\/users\/9"}],"replies":[{"embeddable":true,"href":"https:\/\/oeh-fhv.at\/en\/wp-json\/wp\/v2\/comments?post=10765"}],"version-history":[{"count":8,"href":"https:\/\/oeh-fhv.at\/en\/wp-json\/wp\/v2\/pages\/10765\/revisions"}],"predecessor-version":[{"id":10777,"href":"https:\/\/oeh-fhv.at\/en\/wp-json\/wp\/v2\/pages\/10765\/revisions\/10777"}],"up":[{"embeddable":true,"href":"https:\/\/oeh-fhv.at\/en\/wp-json\/wp\/v2\/pages\/3894"}],"wp:attachment":[{"href":"https:\/\/oeh-fhv.at\/en\/wp-json\/wp\/v2\/media?parent=10765"}],"curies":[{"name":"wp","href":"https:\/\/api.w.org\/{rel}","templated":true}]}}