{"id":11000,"date":"2026-04-07T08:22:53","date_gmt":"2026-04-07T06:22:53","guid":{"rendered":"https:\/\/oeh-fhv.at\/?page_id=11000"},"modified":"2026-04-07T08:24:38","modified_gmt":"2026-04-07T06:24:38","slug":"karrenseilbahn","status":"publish","type":"page","link":"https:\/\/oeh-fhv.at\/en\/angebote\/karrenseilbahn\/","title":{"rendered":"Trolley cable car"},"content":{"rendered":"<div data-elementor-type=\"wp-page\" data-elementor-id=\"11000\" class=\"elementor elementor-11000\">\n\t\t\t\t\t\t<section class=\"elementor-section elementor-top-section elementor-element elementor-element-692542eb elementor-section-stretched elementor-section-boxed elementor-section-height-default elementor-section-height-default\" data-id=\"692542eb\" data-element_type=\"section\" data-e-type=\"section\" data-settings=\"{&quot;background_background&quot;:&quot;classic&quot;,&quot;stretch_section&quot;:&quot;section-stretched&quot;}\">\n\t\t\t\t\t\t<div class=\"elementor-container elementor-column-gap-no\">\n\t\t\t\t\t<div class=\"elementor-column elementor-col-100 elementor-top-column elementor-element elementor-element-79e0d142\" data-id=\"79e0d142\" data-element_type=\"column\" data-e-type=\"column\">\n\t\t\t<div class=\"elementor-widget-wrap elementor-element-populated\">\n\t\t\t\t\t\t<div class=\"elementor-element elementor-element-62d6b43d elementor-widget elementor-widget-heading\" data-id=\"62d6b43d\" data-element_type=\"widget\" data-e-type=\"widget\" data-widget_type=\"heading.default\">\n\t\t\t\t<div class=\"elementor-widget-container\">\n\t\t\t\t\t<h4 class=\"elementor-heading-title elementor-size-default\">Free use of the cable car \n<\/h4>\t\t\t\t<\/div>\n\t\t\t\t<\/div>\n\t\t\t\t\t<\/div>\n\t\t<\/div>\n\t\t\t\t\t<\/div>\n\t\t<\/section>\n\t\t\t\t<section class=\"elementor-section elementor-top-section elementor-element elementor-element-301f884 elementor-section-boxed elementor-section-height-default elementor-section-height-default\" data-id=\"301f884\" data-element_type=\"section\" data-e-type=\"section\">\n\t\t\t\t\t\t<div class=\"elementor-container elementor-column-gap-default\">\n\t\t\t\t\t<div class=\"elementor-column elementor-col-50 elementor-top-column elementor-element elementor-element-8b66b7a\" data-id=\"8b66b7a\" data-element_type=\"column\" data-e-type=\"column\">\n\t\t\t<div class=\"elementor-widget-wrap elementor-element-populated\">\n\t\t\t\t\t\t<div class=\"elementor-element elementor-element-e40b84b elementor-widget elementor-widget-heading\" data-id=\"e40b84b\" data-element_type=\"widget\" data-e-type=\"widget\" data-widget_type=\"heading.default\">\n\t\t\t\t<div class=\"elementor-widget-container\">\n\t\t\t\t\t<h2 class=\"elementor-heading-title elementor-size-default\">Free use of the Karren cable car for FHV students\n<\/h2>\t\t\t\t<\/div>\n\t\t\t\t<\/div>\n\t\t\t\t<div class=\"elementor-element elementor-element-14fa68f elementor-widget elementor-widget-text-editor\" data-id=\"14fa68f\" data-element_type=\"widget\" data-e-type=\"widget\" data-widget_type=\"text-editor.default\">\n\t\t\t\t<div class=\"elementor-widget-container\">\n\t\t\t\t\t\t\t\t\t<div class=\"x_elementToProof\" data-olk-copy-source=\"MessageBody\"><div class=\"x_elementToProof\" data-olk-copy-source=\"MessageBody\">FHV Dornbirn students have the opportunity to use the Karren cable car in Dornbirn once a day free of charge. Valid <span data-olk-copy-source=\"MessageBody\">until <strong>31.08.2026<\/strong><\/span><\/div><div data-olk-copy-source=\"MessageBody\">\u00a0<\/div><div class=\"x_elementToProof\" data-olk-copy-source=\"MessageBody\">The offer applies to both the <strong>Mountain<\/strong>- as well as for the <strong>Descent<\/strong> and can be used on presentation of a valid student ID.<\/div><div data-olk-copy-source=\"MessageBody\">\u00a0<\/div><div class=\"x_elementToProof\">Whether for relaxation, sporting activities or to enjoy the view over Dornbirn - the Karren offers ideal opportunities for a short break from everyday student life.<\/div><div class=\"x_elementToProof\">\u00a0<\/div><\/div>\t\t\t\t\t\t\t\t<\/div>\n\t\t\t\t<\/div>\n\t\t\t\t\t<\/div>\n\t\t<\/div>\n\t\t\t\t<div class=\"elementor-column elementor-col-50 elementor-top-column elementor-element elementor-element-b5499e8\" data-id=\"b5499e8\" data-element_type=\"column\" data-e-type=\"column\">\n\t\t\t<div class=\"elementor-widget-wrap elementor-element-populated\">\n\t\t\t\t\t\t\t<\/div>\n\t\t<\/div>\n\t\t\t\t\t<\/div>\n\t\t<\/section>\n\t\t\t\t<\/div>","protected":false},"excerpt":{"rendered":"<p>Kostenlose Nutzung der Karrenseilbahn Kostenlose Nutzung der Karrenseilbahn f\u00fcr FHV-Studierende Studierende der FHV Dornbirn haben die M\u00f6glichkeit, die Karrenseilbahn in Dornbirn einmal t\u00e4glich kostenlos zu nutzen. G\u00fcltig bis zum 31.08.2026\u00a0Das [&hellip;]<\/p>\n","protected":false},"author":9,"featured_media":0,"parent":3894,"menu_order":13,"comment_status":"closed","ping_status":"closed","template":"elementor_header_footer","meta":{"zakra_page_container_layout":"stretched","zakra_page_sidebar_layout":"no_sidebar","zakra_remove_content_margin":false,"zakra_sidebar":"customizer","zakra_transparent_header":"0","zakra_logo":0,"zakra_main_header_style":"default","zakra_menu_item_color":"","zakra_menu_item_hover_color":"","zakra_menu_item_active_color":"","zakra_menu_active_style":"","zakra_page_header":true,"footnotes":""},"class_list":["post-11000","page","type-page","status-publish","hentry"],"_links":{"self":[{"href":"https:\/\/oeh-fhv.at\/en\/wp-json\/wp\/v2\/pages\/11000","targetHints":{"allow":["GET"]}}],"collection":[{"href":"https:\/\/oeh-fhv.at\/en\/wp-json\/wp\/v2\/pages"}],"about":[{"href":"https:\/\/oeh-fhv.at\/en\/wp-json\/wp\/v2\/types\/page"}],"author":[{"embeddable":true,"href":"https:\/\/oeh-fhv.at\/en\/wp-json\/wp\/v2\/users\/9"}],"replies":[{"embeddable":true,"href":"https:\/\/oeh-fhv.at\/en\/wp-json\/wp\/v2\/comments?post=11000"}],"version-history":[{"count":5,"href":"https:\/\/oeh-fhv.at\/en\/wp-json\/wp\/v2\/pages\/11000\/revisions"}],"predecessor-version":[{"id":11005,"href":"https:\/\/oeh-fhv.at\/en\/wp-json\/wp\/v2\/pages\/11000\/revisions\/11005"}],"up":[{"embeddable":true,"href":"https:\/\/oeh-fhv.at\/en\/wp-json\/wp\/v2\/pages\/3894"}],"wp:attachment":[{"href":"https:\/\/oeh-fhv.at\/en\/wp-json\/wp\/v2\/media?parent=11000"}],"curies":[{"name":"wp","href":"https:\/\/api.w.org\/{rel}","templated":true}]}}