{"id":4295,"date":"2020-12-14T09:00:00","date_gmt":"2020-12-14T08:00:00","guid":{"rendered":"https:\/\/oeh-fhv.at\/?page_id=4295"},"modified":"2025-02-24T19:50:14","modified_gmt":"2025-02-24T18:50:14","slug":"wifi-fremdsprachenkurse","status":"publish","type":"page","link":"https:\/\/oeh-fhv.at\/en\/angebote\/wifi-fremdsprachenkurse\/","title":{"rendered":"WIFI foreign language courses"},"content":{"rendered":"<div data-elementor-type=\"wp-page\" data-elementor-id=\"4295\" class=\"elementor elementor-4295\">\n\t\t\t\t\t\t<section class=\"elementor-section elementor-top-section elementor-element elementor-element-3368156c elementor-section-stretched elementor-section-boxed elementor-section-height-default elementor-section-height-default\" data-id=\"3368156c\" data-element_type=\"section\" data-e-type=\"section\" data-settings=\"{&quot;background_background&quot;:&quot;classic&quot;,&quot;stretch_section&quot;:&quot;section-stretched&quot;}\">\n\t\t\t\t\t\t<div class=\"elementor-container elementor-column-gap-no\">\n\t\t\t\t\t<div class=\"elementor-column elementor-col-100 elementor-top-column elementor-element elementor-element-71bc9386\" data-id=\"71bc9386\" data-element_type=\"column\" data-e-type=\"column\">\n\t\t\t<div class=\"elementor-widget-wrap elementor-element-populated\">\n\t\t\t\t\t\t<div class=\"elementor-element elementor-element-78108a52 elementor-widget elementor-widget-heading\" data-id=\"78108a52\" data-element_type=\"widget\" data-e-type=\"widget\" data-widget_type=\"heading.default\">\n\t\t\t\t<div class=\"elementor-widget-container\">\n\t\t\t\t\t<h4 class=\"elementor-heading-title elementor-size-default\">WIFI foreign language courses<\/h4>\t\t\t\t<\/div>\n\t\t\t\t<\/div>\n\t\t\t\t\t<\/div>\n\t\t<\/div>\n\t\t\t\t\t<\/div>\n\t\t<\/section>\n\t\t\t\t<section class=\"elementor-section elementor-top-section elementor-element elementor-element-66b246aa elementor-section-stretched elementor-section-boxed elementor-section-height-default elementor-section-height-default\" data-id=\"66b246aa\" data-element_type=\"section\" data-e-type=\"section\" data-settings=\"{&quot;stretch_section&quot;:&quot;section-stretched&quot;}\">\n\t\t\t\t\t\t<div class=\"elementor-container elementor-column-gap-default\">\n\t\t\t\t\t<div class=\"elementor-column elementor-col-50 elementor-top-column elementor-element elementor-element-3eba9c12\" data-id=\"3eba9c12\" data-element_type=\"column\" data-e-type=\"column\">\n\t\t\t<div class=\"elementor-widget-wrap elementor-element-populated\">\n\t\t\t\t\t\t<div class=\"elementor-element elementor-element-6f0c6fa1 elementor-widget elementor-widget-heading\" data-id=\"6f0c6fa1\" data-element_type=\"widget\" data-e-type=\"widget\" data-widget_type=\"heading.default\">\n\t\t\t\t<div class=\"elementor-widget-container\">\n\t\t\t\t\t<h2 class=\"elementor-heading-title elementor-size-default\">WIFI foreign language courses for students of the FH Vorarlberg<\/h2>\t\t\t\t<\/div>\n\t\t\t\t<\/div>\n\t\t\t\t<div class=\"elementor-element elementor-element-34d40dcd elementor-widget elementor-widget-text-editor\" data-id=\"34d40dcd\" data-element_type=\"widget\" data-e-type=\"widget\" data-widget_type=\"text-editor.default\">\n\t\t\t\t<div class=\"elementor-widget-container\">\n\t\t\t\t\t\t\t\t\t<p>From winter semester 2023, students at FH Vorarlberg will have access to all foreign language courses (English courses from language level B1 and all other foreign languages including German courses) at WIFI Dornbirn at a discount of 65 per cent.<\/p>\n<ul>\n<li>50% of the course fees are paid by the Austrian Students' Union of the FH Vorarlberg after payment of the remaining course fees at the WiFi<br>adopted.<\/li>\n<li>15% discount is generally available to students in Vorarlberg.<\/li>\n<\/ul>\n<p>The WIFI foreign language offer is sponsored by the Student Union of Vorarlberg University of Applied Sciences. <br>If you are interested, simply send us an email to oeh-bipol@fhv.at.<br>Registration takes place at <a href=\"mailto:holzer.carmen@vlbg.wifi.at\">holzer.carmen@vlbg.wifi.at<\/a>. She is also available for a telephone<br>counselling available: T 05572 3894 472. <br>She can also tell you more about the type of billing.<\/p>\t\t\t\t\t\t\t\t<\/div>\n\t\t\t\t<\/div>\n\t\t\t\t\t<\/div>\n\t\t<\/div>\n\t\t\t\t<div class=\"elementor-column elementor-col-50 elementor-top-column elementor-element elementor-element-a5f93c6\" data-id=\"a5f93c6\" data-element_type=\"column\" data-e-type=\"column\">\n\t\t\t<div class=\"elementor-widget-wrap elementor-element-populated\">\n\t\t\t\t\t\t<div class=\"elementor-element elementor-element-022ac83 elementor-widget elementor-widget-image\" data-id=\"022ac83\" data-element_type=\"widget\" data-e-type=\"widget\" data-widget_type=\"image.default\">\n\t\t\t\t<div class=\"elementor-widget-container\">\n\t\t\t\t\t\t\t\t\t\t\t\t\t\t\t<img fetchpriority=\"high\" decoding=\"async\" width=\"1180\" height=\"1303\" src=\"https:\/\/oeh-fhv.at\/wp-content\/uploads\/2025\/02\/fremdsprachenkurs_webseite-1898x2096.png\" class=\"attachment-large size-large wp-image-10312\" alt=\"\" srcset=\"https:\/\/oeh-fhv.at\/wp-content\/uploads\/2025\/02\/fremdsprachenkurs_webseite-1898x2096.png 1898w, https:\/\/oeh-fhv.at\/wp-content\/uploads\/2025\/02\/fremdsprachenkurs_webseite-927x1024.png 927w, https:\/\/oeh-fhv.at\/wp-content\/uploads\/2025\/02\/fremdsprachenkurs_webseite-768x848.png 768w, https:\/\/oeh-fhv.at\/wp-content\/uploads\/2025\/02\/fremdsprachenkurs_webseite-45x50.png 45w, https:\/\/oeh-fhv.at\/wp-content\/uploads\/2025\/02\/fremdsprachenkurs_webseite-1391x1536.png 1391w, https:\/\/oeh-fhv.at\/wp-content\/uploads\/2025\/02\/fremdsprachenkurs_webseite-1855x2048.png 1855w, https:\/\/oeh-fhv.at\/wp-content\/uploads\/2025\/02\/fremdsprachenkurs_webseite-11x12.png 11w, https:\/\/oeh-fhv.at\/wp-content\/uploads\/2025\/02\/fremdsprachenkurs_webseite.png 1917w\" sizes=\"(max-width: 1180px) 100vw, 1180px\" \/>\t\t\t\t\t\t\t\t\t\t\t\t\t\t\t<\/div>\n\t\t\t\t<\/div>\n\t\t\t\t\t<\/div>\n\t\t<\/div>\n\t\t\t\t\t<\/div>\n\t\t<\/section>\n\t\t\t\t<\/div>","protected":false},"excerpt":{"rendered":"<p>WIFI-Fremd&shy;sprachen&shy;\u00adkurse WIFI-Fremd&shy;sprachen&shy;kurse f\u00fcr Studierende der FH Vorarlberg Ab Wintersemester 2023 stehen Studierenden der FH Vorarlberg s\u00e4mtliche Fremdsprachenkurse (Englischkurse ab Sprachlevel B1 und alle anderen Fremdsprachen einschlie\u00dflich Deutschkursen) des WIFI Dornbirn [&hellip;]<\/p>\n","protected":false},"author":1,"featured_media":0,"parent":3894,"menu_order":17,"comment_status":"closed","ping_status":"closed","template":"elementor_header_footer","meta":{"zakra_page_container_layout":"stretched","zakra_page_sidebar_layout":"no_sidebar","zakra_remove_content_margin":false,"zakra_sidebar":"customizer","zakra_transparent_header":"0","zakra_logo":0,"zakra_main_header_style":"default","zakra_menu_item_color":"","zakra_menu_item_hover_color":"","zakra_menu_item_active_color":"","zakra_menu_active_style":"","zakra_page_header":true,"footnotes":""},"class_list":["post-4295","page","type-page","status-publish","hentry"],"_links":{"self":[{"href":"https:\/\/oeh-fhv.at\/en\/wp-json\/wp\/v2\/pages\/4295","targetHints":{"allow":["GET"]}}],"collection":[{"href":"https:\/\/oeh-fhv.at\/en\/wp-json\/wp\/v2\/pages"}],"about":[{"href":"https:\/\/oeh-fhv.at\/en\/wp-json\/wp\/v2\/types\/page"}],"author":[{"embeddable":true,"href":"https:\/\/oeh-fhv.at\/en\/wp-json\/wp\/v2\/users\/1"}],"replies":[{"embeddable":true,"href":"https:\/\/oeh-fhv.at\/en\/wp-json\/wp\/v2\/comments?post=4295"}],"version-history":[{"count":14,"href":"https:\/\/oeh-fhv.at\/en\/wp-json\/wp\/v2\/pages\/4295\/revisions"}],"predecessor-version":[{"id":10327,"href":"https:\/\/oeh-fhv.at\/en\/wp-json\/wp\/v2\/pages\/4295\/revisions\/10327"}],"up":[{"embeddable":true,"href":"https:\/\/oeh-fhv.at\/en\/wp-json\/wp\/v2\/pages\/3894"}],"wp:attachment":[{"href":"https:\/\/oeh-fhv.at\/en\/wp-json\/wp\/v2\/media?parent=4295"}],"curies":[{"name":"wp","href":"https:\/\/api.w.org\/{rel}","templated":true}]}}