{"id":5169,"date":"2022-02-21T09:00:00","date_gmt":"2022-02-21T08:00:00","guid":{"rendered":"https:\/\/oeh-fhv.at\/?page_id=5169"},"modified":"2025-02-24T19:51:11","modified_gmt":"2025-02-24T18:51:11","slug":"erste-hilfe-kurse","status":"publish","type":"page","link":"https:\/\/oeh-fhv.at\/en\/angebote\/erste-hilfe-kurse\/","title":{"rendered":"First Aid courses"},"content":{"rendered":"<div data-elementor-type=\"wp-page\" data-elementor-id=\"5169\" class=\"elementor elementor-5169\">\n\t\t\t\t\t\t<section class=\"elementor-section elementor-top-section elementor-element elementor-element-9de6059 elementor-section-stretched elementor-section-boxed elementor-section-height-default elementor-section-height-default\" data-id=\"9de6059\" data-element_type=\"section\" data-e-type=\"section\" data-settings=\"{&quot;background_background&quot;:&quot;classic&quot;,&quot;stretch_section&quot;:&quot;section-stretched&quot;}\">\n\t\t\t\t\t\t<div class=\"elementor-container elementor-column-gap-no\">\n\t\t\t\t\t<div class=\"elementor-column elementor-col-100 elementor-top-column elementor-element elementor-element-12f312a\" data-id=\"12f312a\" data-element_type=\"column\" data-e-type=\"column\">\n\t\t\t<div class=\"elementor-widget-wrap elementor-element-populated\">\n\t\t\t\t\t\t<div class=\"elementor-element elementor-element-5c3c3180 elementor-widget elementor-widget-heading\" data-id=\"5c3c3180\" data-element_type=\"widget\" data-e-type=\"widget\" data-widget_type=\"heading.default\">\n\t\t\t\t<div class=\"elementor-widget-container\">\n\t\t\t\t\t<h4 class=\"elementor-heading-title elementor-size-default\">First Aid courses<\/h4>\t\t\t\t<\/div>\n\t\t\t\t<\/div>\n\t\t\t\t\t<\/div>\n\t\t<\/div>\n\t\t\t\t\t<\/div>\n\t\t<\/section>\n\t\t\t\t<section class=\"elementor-section elementor-top-section elementor-element elementor-element-3f7534d6 elementor-section-stretched elementor-section-boxed elementor-section-height-default elementor-section-height-default\" data-id=\"3f7534d6\" data-element_type=\"section\" data-e-type=\"section\" data-settings=\"{&quot;stretch_section&quot;:&quot;section-stretched&quot;}\">\n\t\t\t\t\t\t<div class=\"elementor-container elementor-column-gap-default\">\n\t\t\t\t\t<div class=\"elementor-column elementor-col-50 elementor-top-column elementor-element elementor-element-7f4ef46d\" data-id=\"7f4ef46d\" data-element_type=\"column\" data-e-type=\"column\">\n\t\t\t<div class=\"elementor-widget-wrap elementor-element-populated\">\n\t\t\t\t\t\t<div class=\"elementor-element elementor-element-298184b7 elementor-widget elementor-widget-heading\" data-id=\"298184b7\" data-element_type=\"widget\" data-e-type=\"widget\" data-widget_type=\"heading.default\">\n\t\t\t\t<div class=\"elementor-widget-container\">\n\t\t\t\t\t<h2 class=\"elementor-heading-title elementor-size-default\">First Aid (driving licence) course for students of Vorarlberg University of Applied Sciences<\/h2>\t\t\t\t<\/div>\n\t\t\t\t<\/div>\n\t\t\t\t<div class=\"elementor-element elementor-element-6c3d90cb elementor-widget elementor-widget-text-editor\" data-id=\"6c3d90cb\" data-element_type=\"widget\" data-e-type=\"widget\" data-widget_type=\"text-editor.default\">\n\t\t\t\t<div class=\"elementor-widget-container\">\n\t\t\t\t\t\t\t\t\t<p>Reacting correctly in emergency situations and being able to provide first aid quickly and competently is important in every situation in life, whether at the university, the workplace or in private life.<\/p>\n<p>For this reason, the <a href=\"https:\/\/oeh-fhv.at\/en\/referate\/sozialpolitik\/\">Social Politics Department<\/a> <strong>on Friday, the 15.12.2023,<\/strong> offers students at the Vorarlberg University of Applied Sciences a six-hour first aid driving licence course free of charge.<\/p>\n<h6>When\/Where:<\/h6>\n<p>The course takes place <b>from 09:00 to 15:00<\/b> o'clock at Vorarlberg University of Applied Sciences <b>in room U210<\/b>&nbsp;will take place. The maximum number of participants is limited to 18 students - the first to register gets the place. In addition, a waiting list will be created should someone drop out. This course can also be presented at the driving test and can also be seen as a first course or refresher course.<\/p>\n<p>If you have registered but are unable to attend, please contact <a href=\"mailto:oeh-sozialpolitik@fhv.at\">by e-mail.<\/a>&nbsp;by 11 December 2023 at the latest so that people on the waiting list can move up.<br>If no cancellation is made in due time despite registration (except for illness, accident, etc.), unfortunately<br>to pay a cancellation fee of \u20ac 43.00.&nbsp;<br><\/p><p>Places are allocated on a first-come-first-served basis. The minimum number of participants required for the course to take place is 8.<\/p>\t\t\t\t\t\t\t\t<\/div>\n\t\t\t\t<\/div>\n\t\t\t\t\t<\/div>\n\t\t<\/div>\n\t\t\t\t<div class=\"elementor-column elementor-col-50 elementor-top-column elementor-element elementor-element-e3d3c73\" data-id=\"e3d3c73\" data-element_type=\"column\" data-e-type=\"column\">\n\t\t\t<div class=\"elementor-widget-wrap elementor-element-populated\">\n\t\t\t\t\t\t<div class=\"elementor-element elementor-element-0351fa9 elementor-widget elementor-widget-image\" data-id=\"0351fa9\" data-element_type=\"widget\" data-e-type=\"widget\" data-widget_type=\"image.default\">\n\t\t\t\t<div class=\"elementor-widget-container\">\n\t\t\t\t\t\t\t\t\t\t\t\t\t\t\t<img fetchpriority=\"high\" decoding=\"async\" width=\"1180\" height=\"1180\" src=\"https:\/\/oeh-fhv.at\/wp-content\/uploads\/2025\/02\/erstehilfe_webseite-2096x2096.png\" class=\"attachment-large size-large wp-image-10311\" alt=\"\" srcset=\"https:\/\/oeh-fhv.at\/wp-content\/uploads\/2025\/02\/erstehilfe_webseite-2096x2096.png 2096w, https:\/\/oeh-fhv.at\/wp-content\/uploads\/2025\/02\/erstehilfe_webseite-1024x1024.png 1024w, https:\/\/oeh-fhv.at\/wp-content\/uploads\/2025\/02\/erstehilfe_webseite-150x150.png 150w, https:\/\/oeh-fhv.at\/wp-content\/uploads\/2025\/02\/erstehilfe_webseite-768x768.png 768w, https:\/\/oeh-fhv.at\/wp-content\/uploads\/2025\/02\/erstehilfe_webseite-50x50.png 50w, https:\/\/oeh-fhv.at\/wp-content\/uploads\/2025\/02\/erstehilfe_webseite-1536x1536.png 1536w, https:\/\/oeh-fhv.at\/wp-content\/uploads\/2025\/02\/erstehilfe_webseite-2048x2048.png 2048w, https:\/\/oeh-fhv.at\/wp-content\/uploads\/2025\/02\/erstehilfe_webseite-12x12.png 12w\" sizes=\"(max-width: 1180px) 100vw, 1180px\" \/>\t\t\t\t\t\t\t\t\t\t\t\t\t\t\t<\/div>\n\t\t\t\t<\/div>\n\t\t\t\t\t<\/div>\n\t\t<\/div>\n\t\t\t\t\t<\/div>\n\t\t<\/section>\n\t\t\t\t<section class=\"elementor-section elementor-top-section elementor-element elementor-element-347b466 elementor-section-stretched elementor-section-boxed elementor-section-height-default elementor-section-height-default\" data-id=\"347b466\" data-element_type=\"section\" data-e-type=\"section\" data-settings=\"{&quot;stretch_section&quot;:&quot;section-stretched&quot;}\">\n\t\t\t\t\t\t<div class=\"elementor-container elementor-column-gap-default\">\n\t\t\t\t\t<div class=\"elementor-column elementor-col-100 elementor-top-column elementor-element elementor-element-2b42e6d\" data-id=\"2b42e6d\" data-element_type=\"column\" data-e-type=\"column\">\n\t\t\t<div class=\"elementor-widget-wrap elementor-element-populated\">\n\t\t\t\t\t\t<div class=\"elementor-element elementor-element-ca7381a elementor-widget elementor-widget-heading\" data-id=\"ca7381a\" data-element_type=\"widget\" data-e-type=\"widget\" data-widget_type=\"heading.default\">\n\t\t\t\t<div class=\"elementor-widget-container\">\n\t\t\t\t\t<h2 class=\"elementor-heading-title elementor-size-default\">Where can I register?<\/h2>\t\t\t\t<\/div>\n\t\t\t\t<\/div>\n\t\t\t\t<div class=\"elementor-element elementor-element-f205ce2 elementor-view-default elementor-position-block-start elementor-mobile-position-block-start elementor-widget elementor-widget-icon-box\" data-id=\"f205ce2\" data-element_type=\"widget\" data-e-type=\"widget\" data-widget_type=\"icon-box.default\">\n\t\t\t\t<div class=\"elementor-widget-container\">\n\t\t\t\t\t\t\t<div class=\"elementor-icon-box-wrapper\">\n\n\t\t\t\t\t\t<div class=\"elementor-icon-box-icon\">\n\t\t\t\t<a href=\"https:\/\/oeh-fhv.at\/en\/angebote\/erste-hilfe-kurse\/anmeldung\/\" class=\"elementor-icon\" tabindex=\"-1\" aria-label=\"To the registration form\">\n\t\t\t\t<i aria-hidden=\"true\" class=\"fas fa-paper-plane\"><\/i>\t\t\t\t<\/a>\n\t\t\t<\/div>\n\t\t\t\n\t\t\t\t\t\t<div class=\"elementor-icon-box-content\">\n\n\t\t\t\t\t\t\t\t\t<h3 class=\"elementor-icon-box-title\">\n\t\t\t\t\t\t<a href=\"https:\/\/oeh-fhv.at\/en\/angebote\/erste-hilfe-kurse\/anmeldung\/\" >\n\t\t\t\t\t\t\tTo the registration form\t\t\t\t\t\t<\/a>\n\t\t\t\t\t<\/h3>\n\t\t\t\t\n\t\t\t\t\t\t\t\t\t<p class=\"elementor-icon-box-description\">\n\t\t\t\t\t\tHere you can register for the next first aid course!\t\t\t\t\t<\/p>\n\t\t\t\t\n\t\t\t<\/div>\n\t\t\t\n\t\t<\/div>\n\t\t\t\t\t\t<\/div>\n\t\t\t\t<\/div>\n\t\t\t\t\t<\/div>\n\t\t<\/div>\n\t\t\t\t\t<\/div>\n\t\t<\/section>\n\t\t\t\t<\/div>","protected":false},"excerpt":{"rendered":"<p>Erste Hilfe Kurse Erste Hilfe (F\u00fchrerschein) Kurs f\u00fcr Studierende der FH Vorarlberg Richtiges reagieren in Notfallsituationen und die F\u00e4higkeit schnell und kompetent Erste Hilfe leisten zu k\u00f6nnen ist in jeder [&hellip;]<\/p>\n","protected":false},"author":1,"featured_media":0,"parent":3894,"menu_order":3,"comment_status":"closed","ping_status":"closed","template":"elementor_header_footer","meta":{"zakra_page_container_layout":"stretched","zakra_page_sidebar_layout":"no_sidebar","zakra_remove_content_margin":false,"zakra_sidebar":"customizer","zakra_transparent_header":"0","zakra_logo":0,"zakra_main_header_style":"default","zakra_menu_item_color":"","zakra_menu_item_hover_color":"","zakra_menu_item_active_color":"","zakra_menu_active_style":"","zakra_page_header":true,"footnotes":""},"class_list":["post-5169","page","type-page","status-publish","hentry"],"_links":{"self":[{"href":"https:\/\/oeh-fhv.at\/en\/wp-json\/wp\/v2\/pages\/5169","targetHints":{"allow":["GET"]}}],"collection":[{"href":"https:\/\/oeh-fhv.at\/en\/wp-json\/wp\/v2\/pages"}],"about":[{"href":"https:\/\/oeh-fhv.at\/en\/wp-json\/wp\/v2\/types\/page"}],"author":[{"embeddable":true,"href":"https:\/\/oeh-fhv.at\/en\/wp-json\/wp\/v2\/users\/1"}],"replies":[{"embeddable":true,"href":"https:\/\/oeh-fhv.at\/en\/wp-json\/wp\/v2\/comments?post=5169"}],"version-history":[{"count":42,"href":"https:\/\/oeh-fhv.at\/en\/wp-json\/wp\/v2\/pages\/5169\/revisions"}],"predecessor-version":[{"id":10330,"href":"https:\/\/oeh-fhv.at\/en\/wp-json\/wp\/v2\/pages\/5169\/revisions\/10330"}],"up":[{"embeddable":true,"href":"https:\/\/oeh-fhv.at\/en\/wp-json\/wp\/v2\/pages\/3894"}],"wp:attachment":[{"href":"https:\/\/oeh-fhv.at\/en\/wp-json\/wp\/v2\/media?parent=5169"}],"curies":[{"name":"wp","href":"https:\/\/api.w.org\/{rel}","templated":true}]}}