{"id":5789,"date":"2022-05-06T09:00:00","date_gmt":"2022-05-06T07:00:00","guid":{"rendered":"https:\/\/oeh-fhv.at\/?page_id=5789"},"modified":"2022-05-06T17:29:54","modified_gmt":"2022-05-06T15:29:54","slug":"workshop-bewerbungsgespraeche","status":"publish","type":"page","link":"https:\/\/oeh-fhv.at\/en\/angebote\/workshop-bewerbungsgespraeche\/","title":{"rendered":"Interview Preparation\" Workshop"},"content":{"rendered":"<div data-elementor-type=\"wp-page\" data-elementor-id=\"5789\" class=\"elementor elementor-5789\">\n\t\t\t\t\t\t<section class=\"elementor-section elementor-top-section elementor-element elementor-element-5d789a2 elementor-section-stretched elementor-section-boxed elementor-section-height-default elementor-section-height-default\" data-id=\"5d789a2\" data-element_type=\"section\" data-e-type=\"section\" data-settings=\"{&quot;background_background&quot;:&quot;classic&quot;,&quot;stretch_section&quot;:&quot;section-stretched&quot;}\">\n\t\t\t\t\t\t<div class=\"elementor-container elementor-column-gap-no\">\n\t\t\t\t\t<div class=\"elementor-column elementor-col-100 elementor-top-column elementor-element elementor-element-22272d09\" data-id=\"22272d09\" data-element_type=\"column\" data-e-type=\"column\">\n\t\t\t<div class=\"elementor-widget-wrap elementor-element-populated\">\n\t\t\t\t\t\t<div class=\"elementor-element elementor-element-62e6c297 elementor-widget elementor-widget-heading\" data-id=\"62e6c297\" data-element_type=\"widget\" data-e-type=\"widget\" data-widget_type=\"heading.default\">\n\t\t\t\t<div class=\"elementor-widget-container\">\n\t\t\t\t\t<h4 class=\"elementor-heading-title elementor-size-default\">Preparation for Job Interviews<\/h4>\t\t\t\t<\/div>\n\t\t\t\t<\/div>\n\t\t\t\t\t<\/div>\n\t\t<\/div>\n\t\t\t\t\t<\/div>\n\t\t<\/section>\n\t\t\t\t<section class=\"elementor-section elementor-top-section elementor-element elementor-element-61a61f7 elementor-section-stretched elementor-section-boxed elementor-section-height-default elementor-section-height-default\" data-id=\"61a61f7\" data-element_type=\"section\" data-e-type=\"section\" data-settings=\"{&quot;stretch_section&quot;:&quot;section-stretched&quot;}\">\n\t\t\t\t\t\t<div class=\"elementor-container elementor-column-gap-default\">\n\t\t\t\t\t<div class=\"elementor-column elementor-col-100 elementor-top-column elementor-element elementor-element-f3b721b\" data-id=\"f3b721b\" data-element_type=\"column\" data-e-type=\"column\">\n\t\t\t<div class=\"elementor-widget-wrap elementor-element-populated\">\n\t\t\t\t\t\t<div class=\"elementor-element elementor-element-6fa80ab6 elementor-widget elementor-widget-heading\" data-id=\"6fa80ab6\" data-element_type=\"widget\" data-e-type=\"widget\" data-widget_type=\"heading.default\">\n\t\t\t\t<div class=\"elementor-widget-container\">\n\t\t\t\t\t<h2 class=\"elementor-heading-title elementor-size-default\">Workshop \"Vorbereitung von Bewerbungs\u00adgespr\u00e4chen\"<\/h2>\t\t\t\t<\/div>\n\t\t\t\t<\/div>\n\t\t\t\t<div class=\"elementor-element elementor-element-74e8c73a elementor-widget elementor-widget-text-editor\" data-id=\"74e8c73a\" data-element_type=\"widget\" data-e-type=\"widget\" data-widget_type=\"text-editor.default\">\n\t\t\t\t<div class=\"elementor-widget-container\">\n\t\t\t\t\t\t\t\t\t<p>Whether it's a professional internship or a job after graduation: applications are always a must. For the phase of preparing application documents and conducting interviews, there are relevant points to which one should pay attention and which can of course be trained. Individual questions and problems can also be discussed. Practical tips are explained in the seminar, e.g.:<\/p><ul><li>How can I apply successfully and confidently?<\/li><li>Where are my strengths? Examination of the personal \"map of interests and competences\".<\/li><li>Types of interviews and categories of questions<\/li><li>Gathering information before the interview<\/li><li>Do's and don'ts in the job interview<\/li><li>Evaluation and resilience<\/li><\/ul><p><strong>Hint:<\/strong> One week after the workshop, Dr. Larissa Rogner will conduct a job application simulation with all interested participants (participation is voluntary). It is possible to send the personal application documents to Dr. Rogner and receive additional feedback.<\/p><p>Speaker \u2013 Bildungslebenswelten with Dr Larissa Rogner: study guidance and coaching<\/p><p><a href=\"https:\/\/www.bildungslebenswelten.de\/referentin\/\" target=\"_blank\" rel=\"noopener\">www.bildungslebenswelten.de\/referentin<\/a><\/p>\t\t\t\t\t\t\t\t<\/div>\n\t\t\t\t<\/div>\n\t\t\t\t\t<\/div>\n\t\t<\/div>\n\t\t\t\t\t<\/div>\n\t\t<\/section>\n\t\t\t\t<section class=\"elementor-section elementor-top-section elementor-element elementor-element-cfbab33 elementor-section-stretched elementor-section-boxed elementor-section-height-default elementor-section-height-default\" data-id=\"cfbab33\" data-element_type=\"section\" data-e-type=\"section\" data-settings=\"{&quot;stretch_section&quot;:&quot;section-stretched&quot;}\">\n\t\t\t\t\t\t<div class=\"elementor-container elementor-column-gap-default\">\n\t\t\t\t\t<div class=\"elementor-column elementor-col-100 elementor-top-column elementor-element elementor-element-4ebb887\" data-id=\"4ebb887\" data-element_type=\"column\" data-e-type=\"column\">\n\t\t\t<div class=\"elementor-widget-wrap elementor-element-populated\">\n\t\t\t\t\t\t<div class=\"elementor-element elementor-element-1d2bb8d elementor-widget elementor-widget-heading\" data-id=\"1d2bb8d\" data-element_type=\"widget\" data-e-type=\"widget\" data-widget_type=\"heading.default\">\n\t\t\t\t<div class=\"elementor-widget-container\">\n\t\t\t\t\t<h2 class=\"elementor-heading-title elementor-size-default\">When and where will the next workshop take place?<\/h2>\t\t\t\t<\/div>\n\t\t\t\t<\/div>\n\t\t\t\t<div class=\"elementor-element elementor-element-0600972 elementor-widget elementor-widget-text-editor\" data-id=\"0600972\" data-element_type=\"widget\" data-e-type=\"widget\" data-widget_type=\"text-editor.default\">\n\t\t\t\t<div class=\"elementor-widget-container\">\n\t\t\t\t\t\t\t\t\t<p>You will find all information about the next dates in your e-mail box! If you have any questions, please do not hesitate to contact <a href=\"mailto:oeh-sozialpolitik@fhv.at\">the Social Politics Department<\/a>.<\/p>\t\t\t\t\t\t\t\t<\/div>\n\t\t\t\t<\/div>\n\t\t\t\t\t<\/div>\n\t\t<\/div>\n\t\t\t\t\t<\/div>\n\t\t<\/section>\n\t\t\t\t<\/div>","protected":false},"excerpt":{"rendered":"<p>Bewerbungs&shy;gespr\u00e4che vorbereiten Workshop &#8222;Vorbereitung von Bewerbungs&shy;gespr\u00e4chen&#8220; Ob Berufspraktikum oder Job nach dem Studium: Bewerbungen sind immer ein Muss. F\u00fcr die Phase der Vorbereitung von Bewerbungsunterlagen und Durchf\u00fchrung von Gespr\u00e4chen gibt [&hellip;]<\/p>\n","protected":false},"author":1,"featured_media":0,"parent":3894,"menu_order":20,"comment_status":"closed","ping_status":"closed","template":"elementor_header_footer","meta":{"zakra_page_container_layout":"stretched","zakra_page_sidebar_layout":"no_sidebar","zakra_remove_content_margin":false,"zakra_sidebar":"customizer","zakra_transparent_header":"0","zakra_logo":0,"zakra_main_header_style":"default","zakra_menu_item_color":"","zakra_menu_item_hover_color":"","zakra_menu_item_active_color":"","zakra_menu_active_style":"","zakra_page_header":true,"footnotes":""},"class_list":["post-5789","page","type-page","status-publish","hentry"],"_links":{"self":[{"href":"https:\/\/oeh-fhv.at\/en\/wp-json\/wp\/v2\/pages\/5789","targetHints":{"allow":["GET"]}}],"collection":[{"href":"https:\/\/oeh-fhv.at\/en\/wp-json\/wp\/v2\/pages"}],"about":[{"href":"https:\/\/oeh-fhv.at\/en\/wp-json\/wp\/v2\/types\/page"}],"author":[{"embeddable":true,"href":"https:\/\/oeh-fhv.at\/en\/wp-json\/wp\/v2\/users\/1"}],"replies":[{"embeddable":true,"href":"https:\/\/oeh-fhv.at\/en\/wp-json\/wp\/v2\/comments?post=5789"}],"version-history":[{"count":7,"href":"https:\/\/oeh-fhv.at\/en\/wp-json\/wp\/v2\/pages\/5789\/revisions"}],"predecessor-version":[{"id":5797,"href":"https:\/\/oeh-fhv.at\/en\/wp-json\/wp\/v2\/pages\/5789\/revisions\/5797"}],"up":[{"embeddable":true,"href":"https:\/\/oeh-fhv.at\/en\/wp-json\/wp\/v2\/pages\/3894"}],"wp:attachment":[{"href":"https:\/\/oeh-fhv.at\/en\/wp-json\/wp\/v2\/media?parent=5789"}],"curies":[{"name":"wp","href":"https:\/\/api.w.org\/{rel}","templated":true}]}}