{"id":6341,"date":"2022-10-08T18:27:04","date_gmt":"2022-10-08T16:27:04","guid":{"rendered":"https:\/\/oeh-fhv.at\/?page_id=6341"},"modified":"2024-01-30T22:57:31","modified_gmt":"2024-01-30T21:57:31","slug":"oeh-fruechte","status":"publish","type":"page","link":"https:\/\/oeh-fhv.at\/en\/angebote\/oeh-fruechte\/","title":{"rendered":"Students council - Fruit campaign"},"content":{"rendered":"<div data-elementor-type=\"wp-page\" data-elementor-id=\"6341\" class=\"elementor elementor-6341\">\n\t\t\t\t\t\t<section class=\"elementor-section elementor-top-section elementor-element elementor-element-58c0ab85 elementor-section-stretched elementor-section-boxed elementor-section-height-default elementor-section-height-default\" data-id=\"58c0ab85\" data-element_type=\"section\" data-e-type=\"section\" data-settings=\"{&quot;background_background&quot;:&quot;classic&quot;,&quot;stretch_section&quot;:&quot;section-stretched&quot;}\">\n\t\t\t\t\t\t<div class=\"elementor-container elementor-column-gap-no\">\n\t\t\t\t\t<div class=\"elementor-column elementor-col-100 elementor-top-column elementor-element elementor-element-3e32a4fa\" data-id=\"3e32a4fa\" data-element_type=\"column\" data-e-type=\"column\">\n\t\t\t<div class=\"elementor-widget-wrap elementor-element-populated\">\n\t\t\t\t\t\t<div class=\"elementor-element elementor-element-7a16895a elementor-widget elementor-widget-heading\" data-id=\"7a16895a\" data-element_type=\"widget\" data-e-type=\"widget\" data-widget_type=\"heading.default\">\n\t\t\t\t<div class=\"elementor-widget-container\">\n\t\t\t\t\t<h4 class=\"elementor-heading-title elementor-size-default\">Students council - Fruit campaign<\/h4>\t\t\t\t<\/div>\n\t\t\t\t<\/div>\n\t\t\t\t\t<\/div>\n\t\t<\/div>\n\t\t\t\t\t<\/div>\n\t\t<\/section>\n\t\t\t\t<section class=\"elementor-section elementor-top-section elementor-element elementor-element-5756d2f7 elementor-section-stretched elementor-section-boxed elementor-section-height-default elementor-section-height-default\" data-id=\"5756d2f7\" data-element_type=\"section\" data-e-type=\"section\" data-settings=\"{&quot;stretch_section&quot;:&quot;section-stretched&quot;}\">\n\t\t\t\t\t\t<div class=\"elementor-container elementor-column-gap-default\">\n\t\t\t\t\t<div class=\"elementor-column elementor-col-50 elementor-top-column elementor-element elementor-element-42500a2a\" data-id=\"42500a2a\" data-element_type=\"column\" data-e-type=\"column\">\n\t\t\t<div class=\"elementor-widget-wrap elementor-element-populated\">\n\t\t\t\t\t\t<div class=\"elementor-element elementor-element-6889617c elementor-widget elementor-widget-heading\" data-id=\"6889617c\" data-element_type=\"widget\" data-e-type=\"widget\" data-widget_type=\"heading.default\">\n\t\t\t\t<div class=\"elementor-widget-container\">\n\t\t\t\t\t<h2 class=\"elementor-heading-title elementor-size-default\">Fruit box for the students of the university of applied science vorarlberg<\/h2>\t\t\t\t<\/div>\n\t\t\t\t<\/div>\n\t\t\t\t<div class=\"elementor-element elementor-element-256d6de elementor-widget elementor-widget-text-editor\" data-id=\"256d6de\" data-element_type=\"widget\" data-e-type=\"widget\" data-widget_type=\"text-editor.default\">\n\t\t\t\t<div class=\"elementor-widget-container\">\n\t\t\t\t\t\t\t\t\t<p>This semester, we will once again be offering fruity vitamin bombs for students to tide them over during long periods of studying and when they are feeling peckish.<\/p><p><strong>Where?<br \/><\/strong><span style=\"font-style: inherit; font-weight: inherit; font-family: var( --e-global-typography-text-font-family ), Sans-serif;\">In front of the \u00d6H lounge (U315), two boxes of regional fruit are offered to students by the \u00d6H twice a week during normal operations at the FH.<\/span><\/p><p><strong>Why?<br \/><\/strong><span style=\"font-style: inherit; font-weight: inherit; font-family: var( --e-global-typography-text-font-family ), Sans-serif;\">The motto of this campaign is \"Sustainability and healthy living\". The apples and pears come from<br \/>regional cultivation and are intended to promote a healthy lifestyle.<\/span><\/p><p><strong>Cost?<br \/><\/strong><span style=\"font-style: inherit; font-weight: inherit; font-family: var( --e-global-typography-text-font-family ), Sans-serif;\">The fruits are free of charge and are available to students for free. The fruit box is refilled twice a week.<\/span><\/p><p><br \/>If you have any further questions, please do not hesitate to contact the team of the Culture Department:\u00a0<a style=\"background-color: #ffffff;\" href=\"mailto:oeh-kultur@fhv.at\">oeh-kultur@fhv.at<\/a><\/p>\t\t\t\t\t\t\t\t<\/div>\n\t\t\t\t<\/div>\n\t\t\t\t\t<\/div>\n\t\t<\/div>\n\t\t\t\t<div class=\"elementor-column elementor-col-50 elementor-top-column elementor-element elementor-element-b45fda4\" data-id=\"b45fda4\" data-element_type=\"column\" data-e-type=\"column\">\n\t\t\t<div class=\"elementor-widget-wrap elementor-element-populated\">\n\t\t\t\t\t\t<div class=\"elementor-element elementor-element-fe2f5f7 elementor-widget elementor-widget-image\" data-id=\"fe2f5f7\" data-element_type=\"widget\" data-e-type=\"widget\" data-widget_type=\"image.default\">\n\t\t\t\t<div class=\"elementor-widget-container\">\n\t\t\t\t\t\t\t\t\t\t\t\t\t\t\t<img fetchpriority=\"high\" decoding=\"async\" width=\"1180\" height=\"1284\" src=\"https:\/\/oeh-fhv.at\/wp-content\/uploads\/2022\/10\/WhatsApp-Image-2022-10-11-at-09.35.49.jpeg\" class=\"attachment-large size-large wp-image-6387\" alt=\"Apples and pears\" srcset=\"https:\/\/oeh-fhv.at\/wp-content\/uploads\/2022\/10\/WhatsApp-Image-2022-10-11-at-09.35.49.jpeg 1882w, https:\/\/oeh-fhv.at\/wp-content\/uploads\/2022\/10\/WhatsApp-Image-2022-10-11-at-09.35.49-941x1024.jpeg 941w, https:\/\/oeh-fhv.at\/wp-content\/uploads\/2022\/10\/WhatsApp-Image-2022-10-11-at-09.35.49-768x836.jpeg 768w, https:\/\/oeh-fhv.at\/wp-content\/uploads\/2022\/10\/WhatsApp-Image-2022-10-11-at-09.35.49-1412x1536.jpeg 1412w, https:\/\/oeh-fhv.at\/wp-content\/uploads\/2022\/10\/WhatsApp-Image-2022-10-11-at-09.35.49-11x12.jpeg 11w\" sizes=\"(max-width: 1180px) 100vw, 1180px\" \/>\t\t\t\t\t\t\t\t\t\t\t\t\t\t\t<\/div>\n\t\t\t\t<\/div>\n\t\t\t\t\t<\/div>\n\t\t<\/div>\n\t\t\t\t\t<\/div>\n\t\t<\/section>\n\t\t\t\t<\/div>","protected":false},"excerpt":{"rendered":"<p>\u00d6H-Fr\u00fcchte Fr\u00fcchtebox f\u00fcr die Studierende der FHV F\u00fcr die langen Lernphasen und den kleinen Hunger werden wir auch in diesem Semester wieder fruchtige Vitaminbomben f\u00fcr Studierende anbieten. Wo?Vor dem \u00d6H-Aufenthaltsraum [&hellip;]<\/p>\n","protected":false},"author":9,"featured_media":0,"parent":3894,"menu_order":8,"comment_status":"closed","ping_status":"closed","template":"elementor_header_footer","meta":{"zakra_page_container_layout":"stretched","zakra_page_sidebar_layout":"no_sidebar","zakra_remove_content_margin":false,"zakra_sidebar":"customizer","zakra_transparent_header":"0","zakra_logo":0,"zakra_main_header_style":"default","zakra_menu_item_color":"","zakra_menu_item_hover_color":"","zakra_menu_item_active_color":"","zakra_menu_active_style":"","zakra_page_header":true,"footnotes":""},"class_list":["post-6341","page","type-page","status-publish","hentry"],"_links":{"self":[{"href":"https:\/\/oeh-fhv.at\/en\/wp-json\/wp\/v2\/pages\/6341","targetHints":{"allow":["GET"]}}],"collection":[{"href":"https:\/\/oeh-fhv.at\/en\/wp-json\/wp\/v2\/pages"}],"about":[{"href":"https:\/\/oeh-fhv.at\/en\/wp-json\/wp\/v2\/types\/page"}],"author":[{"embeddable":true,"href":"https:\/\/oeh-fhv.at\/en\/wp-json\/wp\/v2\/users\/9"}],"replies":[{"embeddable":true,"href":"https:\/\/oeh-fhv.at\/en\/wp-json\/wp\/v2\/comments?post=6341"}],"version-history":[{"count":62,"href":"https:\/\/oeh-fhv.at\/en\/wp-json\/wp\/v2\/pages\/6341\/revisions"}],"predecessor-version":[{"id":9284,"href":"https:\/\/oeh-fhv.at\/en\/wp-json\/wp\/v2\/pages\/6341\/revisions\/9284"}],"up":[{"embeddable":true,"href":"https:\/\/oeh-fhv.at\/en\/wp-json\/wp\/v2\/pages\/3894"}],"wp:attachment":[{"href":"https:\/\/oeh-fhv.at\/en\/wp-json\/wp\/v2\/media?parent=6341"}],"curies":[{"name":"wp","href":"https:\/\/api.w.org\/{rel}","templated":true}]}}