{"id":6761,"date":"2022-11-22T21:10:15","date_gmt":"2022-11-22T20:10:15","guid":{"rendered":"https:\/\/oeh-fhv.at\/?page_id=6761"},"modified":"2022-11-22T21:31:46","modified_gmt":"2022-11-22T20:31:46","slug":"vorbereitung-von-bewerbungsgespraechen","status":"publish","type":"page","link":"https:\/\/oeh-fhv.at\/en\/angebote\/vorbereitung-von-bewerbungsgespraechen\/","title":{"rendered":"Preparation for Job Interviews"},"content":{"rendered":"<div data-elementor-type=\"wp-page\" data-elementor-id=\"6761\" class=\"elementor elementor-6761\">\n\t\t\t\t\t\t<section class=\"elementor-section elementor-top-section elementor-element elementor-element-9de6059 elementor-section-stretched elementor-section-boxed elementor-section-height-default elementor-section-height-default\" data-id=\"9de6059\" data-element_type=\"section\" data-e-type=\"section\" data-settings=\"{&quot;background_background&quot;:&quot;classic&quot;,&quot;stretch_section&quot;:&quot;section-stretched&quot;}\">\n\t\t\t\t\t\t<div class=\"elementor-container elementor-column-gap-no\">\n\t\t\t\t\t<div class=\"elementor-column elementor-col-100 elementor-top-column elementor-element elementor-element-12f312a\" data-id=\"12f312a\" data-element_type=\"column\" data-e-type=\"column\">\n\t\t\t<div class=\"elementor-widget-wrap elementor-element-populated\">\n\t\t\t\t\t\t<div class=\"elementor-element elementor-element-5c3c3180 elementor-widget elementor-widget-heading\" data-id=\"5c3c3180\" data-element_type=\"widget\" data-e-type=\"widget\" data-widget_type=\"heading.default\">\n\t\t\t\t<div class=\"elementor-widget-container\">\n\t\t\t\t\t<h4 class=\"elementor-heading-title elementor-size-default\">Workshop: Job interview<\/h4>\t\t\t\t<\/div>\n\t\t\t\t<\/div>\n\t\t\t\t\t<\/div>\n\t\t<\/div>\n\t\t\t\t\t<\/div>\n\t\t<\/section>\n\t\t\t\t<section class=\"elementor-section elementor-top-section elementor-element elementor-element-3f7534d6 elementor-section-stretched elementor-section-boxed elementor-section-height-default elementor-section-height-default\" data-id=\"3f7534d6\" data-element_type=\"section\" data-e-type=\"section\" data-settings=\"{&quot;stretch_section&quot;:&quot;section-stretched&quot;}\">\n\t\t\t\t\t\t<div class=\"elementor-container elementor-column-gap-default\">\n\t\t\t\t\t<div class=\"elementor-column elementor-col-100 elementor-top-column elementor-element elementor-element-7f4ef46d\" data-id=\"7f4ef46d\" data-element_type=\"column\" data-e-type=\"column\">\n\t\t\t<div class=\"elementor-widget-wrap elementor-element-populated\">\n\t\t\t\t\t\t<div class=\"elementor-element elementor-element-298184b7 elementor-widget elementor-widget-heading\" data-id=\"298184b7\" data-element_type=\"widget\" data-e-type=\"widget\" data-widget_type=\"heading.default\">\n\t\t\t\t<div class=\"elementor-widget-container\">\n\t\t\t\t\t<h2 class=\"elementor-heading-title elementor-size-default\">Preparation for Job Interviews<\/h2>\t\t\t\t<\/div>\n\t\t\t\t<\/div>\n\t\t\t\t<div class=\"elementor-element elementor-element-6c3d90cb elementor-widget elementor-widget-text-editor\" data-id=\"6c3d90cb\" data-element_type=\"widget\" data-e-type=\"widget\" data-widget_type=\"text-editor.default\">\n\t\t\t\t<div class=\"elementor-widget-container\">\n\t\t\t\t\t\t\t\t\t<p>Whether it's a professional internship or a job after graduation: applications are always a must. For the phase of<br \/>preparation of application documents and conducting interviews, there are relevant points on which to<br \/>and which can of course be trained. Individual questions and problems can be discussed in detail.<br \/>be discussed in addition. Practical tips are explained in the seminar, e.g.:<\/p><ul><li>How can I apply successfully and confidently?<\/li><li>Where are my strengths<\/li><li>Examination of the personal \"map of interests and competences\".<\/li><li>Types of interviews and categories of questions<\/li><li>Gathering information before the interview<\/li><li>Do's and don'ts in the job interview<\/li><li>Evaluation and resilience<\/li><\/ul><h5>Hint:<\/h5><p>One week after the workshop date, Dr Larissa Rogner will conduct a job application simulation with<br \/>to all interested participants (participation is voluntary). There is the possibility of<br \/>personal application documents to Dr Rogner and receive additional feedback.<\/p><p><b>Speaker \u2013 Bildungslebenswelten with Dr Larissa Rogner: study guidance and coaching<\/b><\/p><p><span style=\"font-style: inherit; font-weight: inherit; font-family: var( --e-global-typography-text-font-family ), Sans-serif;\">www.bildungslebenswelten.de\/referentin<\/span><\/p><p>\u00a0<\/p><h4>When and where will the next workshop take place?<\/h4><p>You will find all information about the next dates in your e-mail box! If you have any questions, you can also contact<br \/>Please feel free to contact the Social Policy Unit at any time.<\/p>\t\t\t\t\t\t\t\t<\/div>\n\t\t\t\t<\/div>\n\t\t\t\t\t<\/div>\n\t\t<\/div>\n\t\t\t\t\t<\/div>\n\t\t<\/section>\n\t\t\t\t<\/div>","protected":false},"excerpt":{"rendered":"<p>Workshop: Bewerbungsgespr\u00e4ch Vorbereitung von Bewerbungsgespr\u00e4chen Ob Berufspraktikum oder Job nach dem Studium: Bewerbungen sind immer ein Muss. F\u00fcr die Phase derVorbereitung von Bewerbungsunterlagen und Durchf\u00fchrung von Gespr\u00e4chen gibt es relevante [&hellip;]<\/p>\n","protected":false},"author":9,"featured_media":0,"parent":3894,"menu_order":3,"comment_status":"closed","ping_status":"closed","template":"elementor_header_footer","meta":{"zakra_page_container_layout":"stretched","zakra_page_sidebar_layout":"no_sidebar","zakra_remove_content_margin":false,"zakra_sidebar":"customizer","zakra_transparent_header":"0","zakra_logo":0,"zakra_main_header_style":"default","zakra_menu_item_color":"","zakra_menu_item_hover_color":"","zakra_menu_item_active_color":"","zakra_menu_active_style":"","zakra_page_header":true,"footnotes":""},"class_list":["post-6761","page","type-page","status-publish","hentry"],"_links":{"self":[{"href":"https:\/\/oeh-fhv.at\/en\/wp-json\/wp\/v2\/pages\/6761","targetHints":{"allow":["GET"]}}],"collection":[{"href":"https:\/\/oeh-fhv.at\/en\/wp-json\/wp\/v2\/pages"}],"about":[{"href":"https:\/\/oeh-fhv.at\/en\/wp-json\/wp\/v2\/types\/page"}],"author":[{"embeddable":true,"href":"https:\/\/oeh-fhv.at\/en\/wp-json\/wp\/v2\/users\/9"}],"replies":[{"embeddable":true,"href":"https:\/\/oeh-fhv.at\/en\/wp-json\/wp\/v2\/comments?post=6761"}],"version-history":[{"count":14,"href":"https:\/\/oeh-fhv.at\/en\/wp-json\/wp\/v2\/pages\/6761\/revisions"}],"predecessor-version":[{"id":6835,"href":"https:\/\/oeh-fhv.at\/en\/wp-json\/wp\/v2\/pages\/6761\/revisions\/6835"}],"up":[{"embeddable":true,"href":"https:\/\/oeh-fhv.at\/en\/wp-json\/wp\/v2\/pages\/3894"}],"wp:attachment":[{"href":"https:\/\/oeh-fhv.at\/en\/wp-json\/wp\/v2\/media?parent=6761"}],"curies":[{"name":"wp","href":"https:\/\/api.w.org\/{rel}","templated":true}]}}