{"id":7564,"date":"2023-01-26T08:48:12","date_gmt":"2023-01-26T07:48:12","guid":{"rendered":"https:\/\/oeh-fhv.at\/?page_id=7564"},"modified":"2023-12-01T09:51:49","modified_gmt":"2023-12-01T08:51:49","slug":"bewerbungsmappencheck","status":"publish","type":"page","link":"https:\/\/oeh-fhv.at\/en\/angebote\/bewerbungsmappencheck\/","title":{"rendered":"Application portfolio check"},"content":{"rendered":"<div data-elementor-type=\"wp-page\" data-elementor-id=\"7564\" class=\"elementor elementor-7564\">\n\t\t\t\t\t\t<section class=\"elementor-section elementor-top-section elementor-element elementor-element-9de6059 elementor-section-stretched elementor-section-boxed elementor-section-height-default elementor-section-height-default\" data-id=\"9de6059\" data-element_type=\"section\" data-e-type=\"section\" data-settings=\"{&quot;background_background&quot;:&quot;classic&quot;,&quot;stretch_section&quot;:&quot;section-stretched&quot;}\">\n\t\t\t\t\t\t<div class=\"elementor-container elementor-column-gap-no\">\n\t\t\t\t\t<div class=\"elementor-column elementor-col-100 elementor-top-column elementor-element elementor-element-12f312a\" data-id=\"12f312a\" data-element_type=\"column\" data-e-type=\"column\">\n\t\t\t<div class=\"elementor-widget-wrap elementor-element-populated\">\n\t\t\t\t\t\t<div class=\"elementor-element elementor-element-5c3c3180 elementor-widget elementor-widget-heading\" data-id=\"5c3c3180\" data-element_type=\"widget\" data-e-type=\"widget\" data-widget_type=\"heading.default\">\n\t\t\t\t<div class=\"elementor-widget-container\">\n\t\t\t\t\t<h4 class=\"elementor-heading-title elementor-size-default\">Preparation for Job Interviews<\/h4>\t\t\t\t<\/div>\n\t\t\t\t<\/div>\n\t\t\t\t\t<\/div>\n\t\t<\/div>\n\t\t\t\t\t<\/div>\n\t\t<\/section>\n\t\t\t\t<section class=\"elementor-section elementor-top-section elementor-element elementor-element-3f7534d6 elementor-section-stretched elementor-section-boxed elementor-section-height-default elementor-section-height-default\" data-id=\"3f7534d6\" data-element_type=\"section\" data-e-type=\"section\" data-settings=\"{&quot;stretch_section&quot;:&quot;section-stretched&quot;}\">\n\t\t\t\t\t\t<div class=\"elementor-container elementor-column-gap-default\">\n\t\t\t\t\t<div class=\"elementor-column elementor-col-100 elementor-top-column elementor-element elementor-element-7f4ef46d\" data-id=\"7f4ef46d\" data-element_type=\"column\" data-e-type=\"column\">\n\t\t\t<div class=\"elementor-widget-wrap elementor-element-populated\">\n\t\t\t\t\t\t<div class=\"elementor-element elementor-element-6c3d90cb elementor-widget elementor-widget-text-editor\" data-id=\"6c3d90cb\" data-element_type=\"widget\" data-e-type=\"widget\" data-widget_type=\"text-editor.default\">\n\t\t\t\t<div class=\"elementor-widget-container\">\n\t\t\t\t\t\t\t\t\t<p>Whether it's a professional internship or a job after graduation: applications are always a must. For the phase of<br>preparation of application documents and conducting interviews, there are relevant points on which to<br>and which can of course be trained. Individual questions and problems can be discussed in detail.<br>be discussed in addition. Practical tips are explained in the seminar, e.g.:<\/p>\n<ul>\n<li>How can I apply successfully and confidently?<\/li>\n<li>Where are my strengths? Examination of the personal \"map of interests and competences\".<\/li>\n<li>Types of interviews and categories of questions<\/li>\n<li>Gathering information before the interview<\/li>\n<li>Do's and don'ts in the job interview<\/li>\n<li>Evaluation and resilience<\/li>\n<\/ul>\n<p>Speaker \u2013 Bildungslebenswelten with Dr Larissa Rogner: study guidance and coaching<\/p>\n<p><strong>Application portfolio check<\/strong><\/p><p>As part of Dr Larissa Rogner's application workshops, students can make use of individual appointments.<br>to get help with the preparation of application documents (letter of motivation, curriculum vitae). In this one-to-one meeting, the documents sent in advance are checked, corrected and discussed with Ms Rogner. The main aim here is to present yourself in the best possible way and to create an application that makes the company curious about the applicant. A total of 20 individual appointments are available. The prerequisite is previous participation in the workshop.<br><\/p>\n<p>If you have any questions, you can always contact the Social Policy Department.<\/p>\t\t\t\t\t\t\t\t<\/div>\n\t\t\t\t<\/div>\n\t\t\t\t\t<\/div>\n\t\t<\/div>\n\t\t\t\t\t<\/div>\n\t\t<\/section>\n\t\t\t\t<\/div>","protected":false},"excerpt":{"rendered":"<p>Vorbereitung von Bewerbungsgespr\u00e4chen Ob Berufspraktikum oder Job nach dem Studium: Bewerbungen sind immer ein Muss. F\u00fcr die Phase derVorbereitung von Bewerbungsunterlagen und Durchf\u00fchrung von Gespr\u00e4chen gibt es relevante Punkte, auf [&hellip;]<\/p>\n","protected":false},"author":1,"featured_media":0,"parent":3894,"menu_order":3,"comment_status":"closed","ping_status":"closed","template":"elementor_header_footer","meta":{"zakra_page_container_layout":"stretched","zakra_page_sidebar_layout":"no_sidebar","zakra_remove_content_margin":false,"zakra_sidebar":"customizer","zakra_transparent_header":"0","zakra_logo":0,"zakra_main_header_style":"default","zakra_menu_item_color":"","zakra_menu_item_hover_color":"","zakra_menu_item_active_color":"","zakra_menu_active_style":"","zakra_page_header":true,"footnotes":""},"class_list":["post-7564","page","type-page","status-publish","hentry"],"_links":{"self":[{"href":"https:\/\/oeh-fhv.at\/en\/wp-json\/wp\/v2\/pages\/7564","targetHints":{"allow":["GET"]}}],"collection":[{"href":"https:\/\/oeh-fhv.at\/en\/wp-json\/wp\/v2\/pages"}],"about":[{"href":"https:\/\/oeh-fhv.at\/en\/wp-json\/wp\/v2\/types\/page"}],"author":[{"embeddable":true,"href":"https:\/\/oeh-fhv.at\/en\/wp-json\/wp\/v2\/users\/1"}],"replies":[{"embeddable":true,"href":"https:\/\/oeh-fhv.at\/en\/wp-json\/wp\/v2\/comments?post=7564"}],"version-history":[{"count":19,"href":"https:\/\/oeh-fhv.at\/en\/wp-json\/wp\/v2\/pages\/7564\/revisions"}],"predecessor-version":[{"id":9122,"href":"https:\/\/oeh-fhv.at\/en\/wp-json\/wp\/v2\/pages\/7564\/revisions\/9122"}],"up":[{"embeddable":true,"href":"https:\/\/oeh-fhv.at\/en\/wp-json\/wp\/v2\/pages\/3894"}],"wp:attachment":[{"href":"https:\/\/oeh-fhv.at\/en\/wp-json\/wp\/v2\/media?parent=7564"}],"curies":[{"name":"wp","href":"https:\/\/api.w.org\/{rel}","templated":true}]}}