{"id":7856,"date":"2025-02-10T10:03:14","date_gmt":"2025-02-10T09:03:14","guid":{"rendered":"https:\/\/oeh-fhv.at\/?page_id=7856"},"modified":"2025-04-29T15:18:53","modified_gmt":"2025-04-29T13:18:53","slug":"verlautbarungen","status":"publish","type":"page","link":"https:\/\/oeh-fhv.at\/en\/oeh-wahl-2025-infos\/verlautbarungen\/","title":{"rendered":"Announcements on the \u00d6H Election 2025"},"content":{"rendered":"<div data-elementor-type=\"wp-page\" data-elementor-id=\"7856\" class=\"elementor elementor-7856\">\n\t\t\t\t\t\t<section class=\"elementor-section elementor-top-section elementor-element elementor-element-45cc2fb3 elementor-section-stretched elementor-section-boxed elementor-section-height-default elementor-section-height-default\" data-id=\"45cc2fb3\" data-element_type=\"section\" data-e-type=\"section\" data-settings=\"{&quot;background_background&quot;:&quot;classic&quot;,&quot;stretch_section&quot;:&quot;section-stretched&quot;}\">\n\t\t\t\t\t\t<div class=\"elementor-container elementor-column-gap-no\">\n\t\t\t\t\t<div class=\"elementor-column elementor-col-100 elementor-top-column elementor-element elementor-element-222536e8\" data-id=\"222536e8\" data-element_type=\"column\" data-e-type=\"column\">\n\t\t\t<div class=\"elementor-widget-wrap elementor-element-populated\">\n\t\t\t\t\t\t<div class=\"elementor-element elementor-element-3c79380 elementor-widget elementor-widget-heading\" data-id=\"3c79380\" data-element_type=\"widget\" data-e-type=\"widget\" data-widget_type=\"heading.default\">\n\t\t\t\t<div class=\"elementor-widget-container\">\n\t\t\t\t\t<h4 class=\"elementor-heading-title elementor-size-default\">\u00d6H Election 2025: Announcements\n<\/h4>\t\t\t\t<\/div>\n\t\t\t\t<\/div>\n\t\t\t\t\t<\/div>\n\t\t<\/div>\n\t\t\t\t\t<\/div>\n\t\t<\/section>\n\t\t\t\t<section class=\"elementor-section elementor-top-section elementor-element elementor-element-119e5ec9 elementor-section-stretched elementor-section-boxed elementor-section-height-default elementor-section-height-default\" data-id=\"119e5ec9\" data-element_type=\"section\" data-e-type=\"section\" data-settings=\"{&quot;stretch_section&quot;:&quot;section-stretched&quot;}\">\n\t\t\t\t\t\t<div class=\"elementor-container elementor-column-gap-default\">\n\t\t\t\t\t<div class=\"elementor-column elementor-col-100 elementor-top-column elementor-element elementor-element-27e620d1\" data-id=\"27e620d1\" data-element_type=\"column\" data-e-type=\"column\">\n\t\t\t<div class=\"elementor-widget-wrap elementor-element-populated\">\n\t\t\t\t\t\t<div class=\"elementor-element elementor-element-18ce890d elementor-widget elementor-widget-heading\" data-id=\"18ce890d\" data-element_type=\"widget\" data-e-type=\"widget\" data-widget_type=\"heading.default\">\n\t\t\t\t<div class=\"elementor-widget-container\">\n\t\t\t\t\t<h5 class=\"elementor-heading-title elementor-size-default\"><a href=\"https:\/\/oeh-fhv.at\/en\/oeh-wahl-2025-infos\/\">\u2190 back to overview<\/a><\/h5>\t\t\t\t<\/div>\n\t\t\t\t<\/div>\n\t\t\t\t\t<\/div>\n\t\t<\/div>\n\t\t\t\t\t<\/div>\n\t\t<\/section>\n\t\t\t\t<section class=\"elementor-section elementor-top-section elementor-element elementor-element-a3f06c8 elementor-section-stretched elementor-section-boxed elementor-section-height-default elementor-section-height-default\" data-id=\"a3f06c8\" data-element_type=\"section\" data-e-type=\"section\" data-settings=\"{&quot;stretch_section&quot;:&quot;section-stretched&quot;}\">\n\t\t\t\t\t\t<div class=\"elementor-container elementor-column-gap-default\">\n\t\t\t\t\t<div class=\"elementor-column elementor-col-100 elementor-top-column elementor-element elementor-element-ad8b422\" data-id=\"ad8b422\" data-element_type=\"column\" data-e-type=\"column\">\n\t\t\t<div class=\"elementor-widget-wrap elementor-element-populated\">\n\t\t\t\t\t\t<div class=\"elementor-element elementor-element-d6236bb elementor-widget elementor-widget-heading\" data-id=\"d6236bb\" data-element_type=\"widget\" data-e-type=\"widget\" data-widget_type=\"heading.default\">\n\t\t\t\t<div class=\"elementor-widget-container\">\n\t\t\t\t\t<h2 class=\"elementor-heading-title elementor-size-default\">All announcements at a glance<\/h2>\t\t\t\t<\/div>\n\t\t\t\t<\/div>\n\t\t\t\t<div class=\"elementor-element elementor-element-32138ff elementor-widget elementor-widget-accordion\" data-id=\"32138ff\" data-element_type=\"widget\" data-e-type=\"widget\" data-widget_type=\"accordion.default\">\n\t\t\t\t<div class=\"elementor-widget-container\">\n\t\t\t\t\t\t\t<div class=\"elementor-accordion\">\n\t\t\t\t\t\t\t<div class=\"elementor-accordion-item\">\n\t\t\t\t\t<div id=\"elementor-tab-title-5251\" class=\"elementor-tab-title\" data-tab=\"1\" role=\"button\" aria-controls=\"elementor-tab-content-5251\" aria-expanded=\"false\">\n\t\t\t\t\t\t\t\t\t\t\t\t\t<span class=\"elementor-accordion-icon elementor-accordion-icon-left\" aria-hidden=\"true\">\n\t\t\t\t\t\t\t\t\t\t\t\t\t\t\t<span class=\"elementor-accordion-icon-closed\"><i class=\"fas fa-plus\"><\/i><\/span>\n\t\t\t\t\t\t\t\t<span class=\"elementor-accordion-icon-opened\"><i class=\"fas fa-minus\"><\/i><\/span>\n\t\t\t\t\t\t\t\t\t\t\t\t\t\t<\/span>\n\t\t\t\t\t\t\t\t\t\t\t\t<a class=\"elementor-accordion-title\" tabindex=\"0\">General announcements<\/a>\n\t\t\t\t\t<\/div>\n\t\t\t\t\t<div id=\"elementor-tab-content-5251\" class=\"elementor-tab-content elementor-clearfix\" data-tab=\"1\" role=\"region\" aria-labelledby=\"elementor-tab-title-5251\"><ul><li><a href=\"https:\/\/oeh-fhv.at\/wp-content\/uploads\/2025\/02\/Wahltageverordnung_2025.pdf\">Election Day Ordinance with deadlines and dates<\/a><\/li><li><a href=\"https:\/\/oeh-fhv.at\/wp-content\/uploads\/2025\/02\/Verlautbarung-Wahltage-Wahllokal-Wahlzeiten-Einbringungsstelle-Fristen-ua.pdf\">Polling days, polling station, polling times, registration centre, deadlines <\/a><\/li><\/ul><\/div>\n\t\t\t\t<\/div>\n\t\t\t\t\t\t\t<div class=\"elementor-accordion-item\">\n\t\t\t\t\t<div id=\"elementor-tab-title-5252\" class=\"elementor-tab-title\" data-tab=\"2\" role=\"button\" aria-controls=\"elementor-tab-content-5252\" aria-expanded=\"false\">\n\t\t\t\t\t\t\t\t\t\t\t\t\t<span class=\"elementor-accordion-icon elementor-accordion-icon-left\" aria-hidden=\"true\">\n\t\t\t\t\t\t\t\t\t\t\t\t\t\t\t<span class=\"elementor-accordion-icon-closed\"><i class=\"fas fa-plus\"><\/i><\/span>\n\t\t\t\t\t\t\t\t<span class=\"elementor-accordion-icon-opened\"><i class=\"fas fa-minus\"><\/i><\/span>\n\t\t\t\t\t\t\t\t\t\t\t\t\t\t<\/span>\n\t\t\t\t\t\t\t\t\t\t\t\t<a class=\"elementor-accordion-title\" tabindex=\"0\">Campaigning Groups &amp; Candidates<\/a>\n\t\t\t\t\t<\/div>\n\t\t\t\t\t<div id=\"elementor-tab-content-5252\" class=\"elementor-tab-content elementor-clearfix\" data-tab=\"2\" role=\"region\" aria-labelledby=\"elementor-tab-title-5252\"><ul><li><a href=\"https:\/\/oeh-fhv.at\/wp-content\/uploads\/2025\/04\/Verlautbarung-wahlwerbende-Gruppen-fuer-Bundesvertretungswahl.pdf\">Announcement of the electoral groups of the \u00d6H-Bundesvertretung (Austrian Students' Union)<\/a><\/li><li><a href=\"https:\/\/oeh-fhv.at\/wp-content\/uploads\/2025\/04\/Verlautbarung-Wahlvorschlag-Hochschulvertretung-FHV.pdf\">Announcement of the election proposals for the university representation<\/a><\/li><li><a href=\"https:\/\/oeh-fhv.at\/wp-content\/uploads\/2025\/04\/Verlautbarung-der-Kandidaturen-zu-den-Studienvertretungen.pdf\">Announcement of the candidates for the study representations<\/a><\/li><\/ul><\/div>\n\t\t\t\t<\/div>\n\t\t\t\t\t\t\t\t<\/div>\n\t\t\t\t\t\t<\/div>\n\t\t\t\t<\/div>\n\t\t\t\t<div class=\"elementor-element elementor-element-140d0e5 elementor-hidden-desktop elementor-hidden-tablet elementor-hidden-mobile elementor-widget elementor-widget-accordion\" data-id=\"140d0e5\" data-element_type=\"widget\" data-e-type=\"widget\" data-widget_type=\"accordion.default\">\n\t\t\t\t<div class=\"elementor-widget-container\">\n\t\t\t\t\t\t\t<div class=\"elementor-accordion\">\n\t\t\t\t\t\t\t<div class=\"elementor-accordion-item\">\n\t\t\t\t\t<div id=\"elementor-tab-title-2101\" class=\"elementor-tab-title\" data-tab=\"1\" role=\"button\" aria-controls=\"elementor-tab-content-2101\" aria-expanded=\"false\">\n\t\t\t\t\t\t\t\t\t\t\t\t\t<span class=\"elementor-accordion-icon elementor-accordion-icon-left\" aria-hidden=\"true\">\n\t\t\t\t\t\t\t\t\t\t\t\t\t\t\t<span class=\"elementor-accordion-icon-closed\"><i class=\"fas fa-plus\"><\/i><\/span>\n\t\t\t\t\t\t\t\t<span class=\"elementor-accordion-icon-opened\"><i class=\"fas fa-minus\"><\/i><\/span>\n\t\t\t\t\t\t\t\t\t\t\t\t\t\t<\/span>\n\t\t\t\t\t\t\t\t\t\t\t\t<a class=\"elementor-accordion-title\" tabindex=\"0\">General announcements<\/a>\n\t\t\t\t\t<\/div>\n\t\t\t\t\t<div id=\"elementor-tab-content-2101\" class=\"elementor-tab-content elementor-clearfix\" data-tab=\"1\" role=\"region\" aria-labelledby=\"elementor-tab-title-2101\"><ul><li>The provisional electoral roll can be inspected digitally from 30.03.2023 at <a href=\"https:\/\/wahlportal.oeh.ac.at\/\" target=\"_blank\" rel=\"noopener\">https:\/\/wahlportal.oeh.ac.at\/<\/a> possible.<\/li><li><a href=\"https:\/\/oeh-fhv.at\/wp-content\/uploads\/2023\/03\/Wahl-23_Wahltageverordnung-mit-Fristen-und-Zeitpunkten.pdf\" target=\"_blank\" rel=\"noopener\">Election Day Ordinance with deadlines and dates<\/a><\/li><li><a href=\"https:\/\/oeh-fhv.at\/wp-content\/uploads\/2023\/02\/20230221_Verlautbarung-Wahllokal-Wahltage-Wahlzeiten-Einbringungsstelle-vorl.-WZ.pdf\" target=\"_blank\" rel=\"noopener\">Announcement of polling station, polling days, polling hours, deposit point<\/a><\/li><li><a href=\"https:\/\/oeh-fhv.at\/wp-content\/uploads\/2023\/02\/BGBLA_2023_II_32.pdf\" target=\"_blank\" rel=\"noopener\">Election days for the 2023 student elections<\/a><\/li><\/ul><\/div>\n\t\t\t\t<\/div>\n\t\t\t\t\t\t\t<div class=\"elementor-accordion-item\">\n\t\t\t\t\t<div id=\"elementor-tab-title-2102\" class=\"elementor-tab-title\" data-tab=\"2\" role=\"button\" aria-controls=\"elementor-tab-content-2102\" aria-expanded=\"false\">\n\t\t\t\t\t\t\t\t\t\t\t\t\t<span class=\"elementor-accordion-icon elementor-accordion-icon-left\" aria-hidden=\"true\">\n\t\t\t\t\t\t\t\t\t\t\t\t\t\t\t<span class=\"elementor-accordion-icon-closed\"><i class=\"fas fa-plus\"><\/i><\/span>\n\t\t\t\t\t\t\t\t<span class=\"elementor-accordion-icon-opened\"><i class=\"fas fa-minus\"><\/i><\/span>\n\t\t\t\t\t\t\t\t\t\t\t\t\t\t<\/span>\n\t\t\t\t\t\t\t\t\t\t\t\t<a class=\"elementor-accordion-title\" tabindex=\"0\">Campaigning Groups &amp; Candidates<\/a>\n\t\t\t\t\t<\/div>\n\t\t\t\t\t<div id=\"elementor-tab-content-2102\" class=\"elementor-tab-content elementor-clearfix\" data-tab=\"2\" role=\"region\" aria-labelledby=\"elementor-tab-title-2102\"><ul><li><a href=\"https:\/\/oeh-fhv.at\/wp-content\/uploads\/2023\/04\/Wahl-23_Verlautbarung-Kandidaturen-StV.pdf\" target=\"_blank\" rel=\"noopener\">Announcement of the candidatures for the student councils<\/a><\/li><li><a href=\"https:\/\/oeh-fhv.at\/wp-content\/uploads\/2023\/04\/Wahl-23_Verlautbarung-Wahlvorschlag.pdf\" target=\"_blank\" rel=\"noopener\">Announcement of the election proposals for the university representation<\/a><\/li><li><a href=\"https:\/\/oeh-fhv.at\/wp-content\/uploads\/2023\/04\/Wahl-23_Verlautbarung-wahlwerbende-Gruppen-der-OeH-Bundesvertretung.pdf\" target=\"_blank\" rel=\"noopener\">Announcement of the electoral groups of the \u00d6H-Bundesvertretung (Austrian Students' Union)<\/a><\/li><\/ul><\/div>\n\t\t\t\t<\/div>\n\t\t\t\t\t\t\t<div class=\"elementor-accordion-item\">\n\t\t\t\t\t<div id=\"elementor-tab-title-2103\" class=\"elementor-tab-title\" data-tab=\"3\" role=\"button\" aria-controls=\"elementor-tab-content-2103\" aria-expanded=\"false\">\n\t\t\t\t\t\t\t\t\t\t\t\t\t<span class=\"elementor-accordion-icon elementor-accordion-icon-left\" aria-hidden=\"true\">\n\t\t\t\t\t\t\t\t\t\t\t\t\t\t\t<span class=\"elementor-accordion-icon-closed\"><i class=\"fas fa-plus\"><\/i><\/span>\n\t\t\t\t\t\t\t\t<span class=\"elementor-accordion-icon-opened\"><i class=\"fas fa-minus\"><\/i><\/span>\n\t\t\t\t\t\t\t\t\t\t\t\t\t\t<\/span>\n\t\t\t\t\t\t\t\t\t\t\t\t<a class=\"elementor-accordion-title\" tabindex=\"0\">Candidacy forms<\/a>\n\t\t\t\t\t<\/div>\n\t\t\t\t\t<div id=\"elementor-tab-content-2103\" class=\"elementor-tab-content elementor-clearfix\" data-tab=\"3\" role=\"region\" aria-labelledby=\"elementor-tab-title-2103\"><p><strong>Forms for the \u00d6H election according to HSWO 2014 i.d.g.F.:<\/strong><\/p><ul><li><a href=\"https:\/\/oeh-fhv.at\/wp-content\/uploads\/2023\/03\/Wahl-23_Anlage-3_Wahlvorschlag-Hochschulvertretung.pdf\" target=\"_blank\" rel=\"noopener\">Annex 3 - Election proposal university representation<\/a><\/li><li><a href=\"https:\/\/oeh-fhv.at\/wp-content\/uploads\/2023\/03\/Wahl-23_Anlage-3a_Zustimmungserklaerung-zur-Kandidatur-am-Wahlvorschlag.pdf\" target=\"_blank\" rel=\"noopener\">Annex 3a - Declaration of consent to candidacy on the election proposal<\/a><\/li><li><a href=\"https:\/\/oeh-fhv.at\/wp-content\/uploads\/2023\/03\/Wahl-23_Anlage-5_Unterstuetzungserklaerung-Wahlvorschlag.pdf\" target=\"_blank\" rel=\"noopener\">Annex 5 - Declaration of support for election proposal<\/a><\/li><li><a href=\"https:\/\/oeh-fhv.at\/wp-content\/uploads\/2023\/03\/Wahl-23_Anlage-5a_Unterstuetzungserklaerung-zum-Wahlvorschlag-der-Hochschulvertretung.pdf\">Annex 5a - Declaration of support for the election proposal of the university representation<\/a><\/li><li><a href=\"https:\/\/oeh-fhv.at\/wp-content\/uploads\/2023\/03\/Wahl-23_Anlage-5b-Unterstuetzungserklaerung-gem.-\u00a7-27-Abs.-8-HSWO.pdf\" target=\"_blank\" rel=\"noopener\">Annex 5b - Declaration of support pursuant to \u00a7 27 para. 8 HSWO<\/a><\/li><li><a href=\"https:\/\/oeh-fhv.at\/wp-content\/uploads\/2023\/03\/Wahl-23_Anlage-6_Bekanntgabe-der-Kandidatur.pdf\" target=\"_blank\" rel=\"noopener\">Annex 6 - Announcement of candidature<\/a><\/li><\/ul><\/div>\n\t\t\t\t<\/div>\n\t\t\t\t\t\t\t\t<\/div>\n\t\t\t\t\t\t<\/div>\n\t\t\t\t<\/div>\n\t\t\t\t\t<\/div>\n\t\t<\/div>\n\t\t\t\t\t<\/div>\n\t\t<\/section>\n\t\t\t\t<\/div>","protected":false},"excerpt":{"rendered":"<p>\u00d6H-Wahl 2025: Verlaut\u00adbarungen \u2190 zur\u00fcck zur \u00dcbersicht Alle Verlaut&shy;barungen im \u00dcberblick Allgemeine Verlautbarungen Wahltageverordnung mit Fristen und Zeitpunkten Wahltage, Wahllokal, Wahlzeiten, Einbringungsstelle, Fristen Wahlwerbende Gruppen &#038; Kandidat:innen Verlautbarung der wahlwerbenden [&hellip;]<\/p>\n","protected":false},"author":1,"featured_media":0,"parent":7615,"menu_order":0,"comment_status":"closed","ping_status":"closed","template":"elementor_header_footer","meta":{"zakra_page_container_layout":"contained","zakra_page_sidebar_layout":"no_sidebar","zakra_remove_content_margin":false,"zakra_sidebar":"customizer","zakra_transparent_header":"customizer","zakra_logo":0,"zakra_main_header_style":"default","zakra_menu_item_color":"","zakra_menu_item_hover_color":"","zakra_menu_item_active_color":"","zakra_menu_active_style":"","zakra_page_header":true,"footnotes":""},"class_list":["post-7856","page","type-page","status-publish","hentry"],"_links":{"self":[{"href":"https:\/\/oeh-fhv.at\/en\/wp-json\/wp\/v2\/pages\/7856","targetHints":{"allow":["GET"]}}],"collection":[{"href":"https:\/\/oeh-fhv.at\/en\/wp-json\/wp\/v2\/pages"}],"about":[{"href":"https:\/\/oeh-fhv.at\/en\/wp-json\/wp\/v2\/types\/page"}],"author":[{"embeddable":true,"href":"https:\/\/oeh-fhv.at\/en\/wp-json\/wp\/v2\/users\/1"}],"replies":[{"embeddable":true,"href":"https:\/\/oeh-fhv.at\/en\/wp-json\/wp\/v2\/comments?post=7856"}],"version-history":[{"count":68,"href":"https:\/\/oeh-fhv.at\/en\/wp-json\/wp\/v2\/pages\/7856\/revisions"}],"predecessor-version":[{"id":10575,"href":"https:\/\/oeh-fhv.at\/en\/wp-json\/wp\/v2\/pages\/7856\/revisions\/10575"}],"up":[{"embeddable":true,"href":"https:\/\/oeh-fhv.at\/en\/wp-json\/wp\/v2\/pages\/7615"}],"wp:attachment":[{"href":"https:\/\/oeh-fhv.at\/en\/wp-json\/wp\/v2\/media?parent=7856"}],"curies":[{"name":"wp","href":"https:\/\/api.w.org\/{rel}","templated":true}]}}