{"id":9305,"date":"2024-01-30T23:24:11","date_gmt":"2024-01-30T22:24:11","guid":{"rendered":"https:\/\/oeh-fhv.at\/?page_id=9305"},"modified":"2025-02-24T19:47:04","modified_gmt":"2025-02-24T18:47:04","slug":"moehnsa-wochen","status":"publish","type":"page","link":"https:\/\/oeh-fhv.at\/en\/angebote\/moehnsa-wochen\/","title":{"rendered":"m\u00d6Hnsa weeks"},"content":{"rendered":"<div data-elementor-type=\"wp-page\" data-elementor-id=\"9305\" class=\"elementor elementor-9305\">\n\t\t\t\t\t\t<section class=\"elementor-section elementor-top-section elementor-element elementor-element-27e28c5d elementor-section-stretched elementor-section-boxed elementor-section-height-default elementor-section-height-default\" data-id=\"27e28c5d\" data-element_type=\"section\" data-e-type=\"section\" data-settings=\"{&quot;background_background&quot;:&quot;classic&quot;,&quot;stretch_section&quot;:&quot;section-stretched&quot;}\">\n\t\t\t\t\t\t<div class=\"elementor-container elementor-column-gap-no\">\n\t\t\t\t\t<div class=\"elementor-column elementor-col-100 elementor-top-column elementor-element elementor-element-36870cc2\" data-id=\"36870cc2\" data-element_type=\"column\" data-e-type=\"column\">\n\t\t\t<div class=\"elementor-widget-wrap elementor-element-populated\">\n\t\t\t\t\t\t<div class=\"elementor-element elementor-element-a13be2c elementor-widget elementor-widget-heading\" data-id=\"a13be2c\" data-element_type=\"widget\" data-e-type=\"widget\" data-widget_type=\"heading.default\">\n\t\t\t\t<div class=\"elementor-widget-container\">\n\t\t\t\t\t<h4 class=\"elementor-heading-title elementor-size-default\">m\u00d6Hnsa weeks<\/h4>\t\t\t\t<\/div>\n\t\t\t\t<\/div>\n\t\t\t\t\t<\/div>\n\t\t<\/div>\n\t\t\t\t\t<\/div>\n\t\t<\/section>\n\t\t\t\t<section class=\"elementor-section elementor-top-section elementor-element elementor-element-6f6a4ca elementor-section-stretched elementor-section-boxed elementor-section-height-default elementor-section-height-default\" data-id=\"6f6a4ca\" data-element_type=\"section\" data-e-type=\"section\" data-settings=\"{&quot;stretch_section&quot;:&quot;section-stretched&quot;}\">\n\t\t\t\t\t\t<div class=\"elementor-container elementor-column-gap-default\">\n\t\t\t\t\t<div class=\"elementor-column elementor-col-66 elementor-top-column elementor-element elementor-element-0d46da3\" data-id=\"0d46da3\" data-element_type=\"column\" data-e-type=\"column\">\n\t\t\t<div class=\"elementor-widget-wrap elementor-element-populated\">\n\t\t\t\t\t\t<div class=\"elementor-element elementor-element-2464708 elementor-widget elementor-widget-heading\" data-id=\"2464708\" data-element_type=\"widget\" data-e-type=\"widget\" data-widget_type=\"heading.default\">\n\t\t\t\t<div class=\"elementor-widget-container\">\n\t\t\t\t\t<h2 class=\"elementor-heading-title elementor-size-default\">m\u00d6Hnsa weeks!<\/h2>\t\t\t\t<\/div>\n\t\t\t\t<\/div>\n\t\t\t\t<div class=\"elementor-element elementor-element-4a6e74c elementor-widget elementor-widget-text-editor\" data-id=\"4a6e74c\" data-element_type=\"widget\" data-e-type=\"widget\" data-widget_type=\"text-editor.default\">\n\t\t\t\t<div class=\"elementor-widget-container\">\n\t\t\t\t\t\t\t\t\t<p>The m\u00d6Hnsa weeks take place two to four times a year (two to three weeks per semester).<br \/>Save up to \u20ac2.50 per meal during these weeks.<\/p><p>With a menu price of \u20ac5.40 and \u20ac3.40 for the study plate, you can embark on a culinary adventure.<\/p><p>The \u00d6H pays for this (\u20ac2) and the canteen (\u20ac0.50).<\/p><p>More information regarding Mensa Weeks will be sent to all students via email and shared on the \u00d6H Instagram account.<\/p><p>The \u00d6H wishes \"An Guata\"!<\/p>\t\t\t\t\t\t\t\t<\/div>\n\t\t\t\t<\/div>\n\t\t\t\t\t<\/div>\n\t\t<\/div>\n\t\t\t\t<div class=\"elementor-column elementor-col-33 elementor-top-column elementor-element elementor-element-c9af774\" data-id=\"c9af774\" data-element_type=\"column\" data-e-type=\"column\">\n\t\t\t<div class=\"elementor-widget-wrap elementor-element-populated\">\n\t\t\t\t\t\t<div class=\"elementor-element elementor-element-c0ee348 elementor-widget elementor-widget-image\" data-id=\"c0ee348\" data-element_type=\"widget\" data-e-type=\"widget\" data-widget_type=\"image.default\">\n\t\t\t\t<div class=\"elementor-widget-container\">\n\t\t\t\t\t\t\t\t\t\t\t\t<figure class=\"wp-caption\">\n\t\t\t\t\t\t\t\t\t\t\t<a href=\"https:\/\/oeh-fhv.at\/wp-content\/uploads\/2025\/02\/mensawoche_webseite.png\" data-elementor-open-lightbox=\"yes\" data-elementor-lightbox-title=\"mensawoche_webseite\" data-e-action-hash=\"#elementor-action%3Aaction%3Dlightbox%26settings%3DeyJpZCI6MTAzMTUsInVybCI6Imh0dHBzOlwvXC9vZWgtZmh2LmF0XC93cC1jb250ZW50XC91cGxvYWRzXC8yMDI1XC8wMlwvbWVuc2F3b2NoZV93ZWJzZWl0ZS5wbmcifQ%3D%3D\">\n\t\t\t\t\t\t\t<img fetchpriority=\"high\" decoding=\"async\" width=\"1080\" height=\"1080\" src=\"https:\/\/oeh-fhv.at\/wp-content\/uploads\/2025\/02\/mensawoche_webseite.png\" class=\"attachment-full size-full wp-image-10315\" alt=\"\" srcset=\"https:\/\/oeh-fhv.at\/wp-content\/uploads\/2025\/02\/mensawoche_webseite.png 1080w, https:\/\/oeh-fhv.at\/wp-content\/uploads\/2025\/02\/mensawoche_webseite-1024x1024.png 1024w, https:\/\/oeh-fhv.at\/wp-content\/uploads\/2025\/02\/mensawoche_webseite-150x150.png 150w, https:\/\/oeh-fhv.at\/wp-content\/uploads\/2025\/02\/mensawoche_webseite-768x768.png 768w, https:\/\/oeh-fhv.at\/wp-content\/uploads\/2025\/02\/mensawoche_webseite-50x50.png 50w, https:\/\/oeh-fhv.at\/wp-content\/uploads\/2025\/02\/mensawoche_webseite-12x12.png 12w\" sizes=\"(max-width: 1080px) 100vw, 1080px\" \/>\t\t\t\t\t\t\t\t<\/a>\n\t\t\t\t\t\t\t\t\t\t\t<figcaption class=\"widget-image-caption wp-caption-text\"><em>Click to enlarge image<\/em><\/figcaption>\n\t\t\t\t\t\t\t\t\t\t<\/figure>\n\t\t\t\t\t\t\t\t\t<\/div>\n\t\t\t\t<\/div>\n\t\t\t\t\t<\/div>\n\t\t<\/div>\n\t\t\t\t\t<\/div>\n\t\t<\/section>\n\t\t\t\t<\/div>","protected":false},"excerpt":{"rendered":"<p>m\u00d6Hnsa Wochen m\u00d6Hnsa Wochen! Die m\u00d6Hnsa\u00a0Wochen finden zwei bis vier mal im Jahr statt (zwei bis drei Wochen pro Semester).Spare w\u00e4hrend diesen Wochen bis zu\u00a02.50 \u20ac pro Mahlzeit. Mit einem [&hellip;]<\/p>\n","protected":false},"author":1,"featured_media":0,"parent":3894,"menu_order":5,"comment_status":"closed","ping_status":"closed","template":"elementor_header_footer","meta":{"zakra_page_container_layout":"stretched","zakra_page_sidebar_layout":"no_sidebar","zakra_remove_content_margin":false,"zakra_sidebar":"customizer","zakra_transparent_header":"0","zakra_logo":0,"zakra_main_header_style":"default","zakra_menu_item_color":"","zakra_menu_item_hover_color":"","zakra_menu_item_active_color":"","zakra_menu_active_style":"","zakra_page_header":true,"footnotes":""},"class_list":["post-9305","page","type-page","status-publish","hentry"],"_links":{"self":[{"href":"https:\/\/oeh-fhv.at\/en\/wp-json\/wp\/v2\/pages\/9305","targetHints":{"allow":["GET"]}}],"collection":[{"href":"https:\/\/oeh-fhv.at\/en\/wp-json\/wp\/v2\/pages"}],"about":[{"href":"https:\/\/oeh-fhv.at\/en\/wp-json\/wp\/v2\/types\/page"}],"author":[{"embeddable":true,"href":"https:\/\/oeh-fhv.at\/en\/wp-json\/wp\/v2\/users\/1"}],"replies":[{"embeddable":true,"href":"https:\/\/oeh-fhv.at\/en\/wp-json\/wp\/v2\/comments?post=9305"}],"version-history":[{"count":14,"href":"https:\/\/oeh-fhv.at\/en\/wp-json\/wp\/v2\/pages\/9305\/revisions"}],"predecessor-version":[{"id":10318,"href":"https:\/\/oeh-fhv.at\/en\/wp-json\/wp\/v2\/pages\/9305\/revisions\/10318"}],"up":[{"embeddable":true,"href":"https:\/\/oeh-fhv.at\/en\/wp-json\/wp\/v2\/pages\/3894"}],"wp:attachment":[{"href":"https:\/\/oeh-fhv.at\/en\/wp-json\/wp\/v2\/media?parent=9305"}],"curies":[{"name":"wp","href":"https:\/\/api.w.org\/{rel}","templated":true}]}}