{"id":9428,"date":"2024-03-01T13:10:57","date_gmt":"2024-03-01T12:10:57","guid":{"rendered":"https:\/\/oeh-fhv.at\/?page_id=9428"},"modified":"2024-03-01T13:26:07","modified_gmt":"2024-03-01T12:26:07","slug":"ermaessigung-funworld-hard","status":"publish","type":"page","link":"https:\/\/oeh-fhv.at\/en\/angebote\/ermaessigung-funworld-hard\/","title":{"rendered":"Discount Funworld Hard"},"content":{"rendered":"<div data-elementor-type=\"wp-page\" data-elementor-id=\"9428\" class=\"elementor elementor-9428\">\n\t\t\t\t\t\t<section class=\"elementor-section elementor-top-section elementor-element elementor-element-692542eb elementor-section-stretched elementor-section-boxed elementor-section-height-default elementor-section-height-default\" data-id=\"692542eb\" data-element_type=\"section\" data-e-type=\"section\" data-settings=\"{&quot;background_background&quot;:&quot;classic&quot;,&quot;stretch_section&quot;:&quot;section-stretched&quot;}\">\n\t\t\t\t\t\t<div class=\"elementor-container elementor-column-gap-no\">\n\t\t\t\t\t<div class=\"elementor-column elementor-col-100 elementor-top-column elementor-element elementor-element-79e0d142\" data-id=\"79e0d142\" data-element_type=\"column\" data-e-type=\"column\">\n\t\t\t<div class=\"elementor-widget-wrap elementor-element-populated\">\n\t\t\t\t\t\t<div class=\"elementor-element elementor-element-62d6b43d elementor-widget elementor-widget-heading\" data-id=\"62d6b43d\" data-element_type=\"widget\" data-e-type=\"widget\" data-widget_type=\"heading.default\">\n\t\t\t\t<div class=\"elementor-widget-container\">\n\t\t\t\t\t<h4 class=\"elementor-heading-title elementor-size-default\">Discount Funworld Hard<\/h4>\t\t\t\t<\/div>\n\t\t\t\t<\/div>\n\t\t\t\t\t<\/div>\n\t\t<\/div>\n\t\t\t\t\t<\/div>\n\t\t<\/section>\n\t\t\t\t<section class=\"elementor-section elementor-top-section elementor-element elementor-element-628ea68 elementor-section-boxed elementor-section-height-default elementor-section-height-default\" data-id=\"628ea68\" data-element_type=\"section\" data-e-type=\"section\">\n\t\t\t\t\t\t<div class=\"elementor-container elementor-column-gap-default\">\n\t\t\t\t\t<div class=\"elementor-column elementor-col-50 elementor-top-column elementor-element elementor-element-e26d6da\" data-id=\"e26d6da\" data-element_type=\"column\" data-e-type=\"column\">\n\t\t\t<div class=\"elementor-widget-wrap elementor-element-populated\">\n\t\t\t\t\t\t<div class=\"elementor-element elementor-element-f6d31ee elementor-widget elementor-widget-heading\" data-id=\"f6d31ee\" data-element_type=\"widget\" data-e-type=\"widget\" data-widget_type=\"heading.default\">\n\t\t\t\t<div class=\"elementor-widget-container\">\n\t\t\t\t\t<h2 class=\"elementor-heading-title elementor-size-default\">Discount on games at Funworld Hard<\/h2>\t\t\t\t<\/div>\n\t\t\t\t<\/div>\n\t\t\t\t<div class=\"elementor-element elementor-element-44f96aa elementor-widget elementor-widget-text-editor\" data-id=\"44f96aa\" data-element_type=\"widget\" data-e-type=\"widget\" data-widget_type=\"text-editor.default\">\n\t\t\t\t<div class=\"elementor-widget-container\">\n\t\t\t\t\t\t\t\t\t<p><span style=\"font-family: var( --e-global-typography-text-font-family ), Sans-serif;\"><b>Attention sports fans!<\/b><\/span><\/p><p>FHV students can receive 20% on games at Funworld Hard upon presentation of their FHV Campus Card.\u00a0<\/p><p>What can be played? The offer applies to bowling, billiards and laser tag.\u00a0<span style=\"font-style: inherit; font-family: var( --e-global-typography-text-font-family ), Sans-serif; letter-spacing: 0.01em;\">Offer not valid on food &amp; beverage.<\/span><\/p><h6><b>Address:<br \/><\/b>Funworld Hard<br \/>Lustenauer Str. 27 <br \/>6971 Hard<\/h6><p>You can find the opening hours on the official website <a href=\"https:\/\/www.funworld-hard.at\/\">https:\/\/www.funworldhard.at\/<\/a>.<\/p>\t\t\t\t\t\t\t\t<\/div>\n\t\t\t\t<\/div>\n\t\t\t\t\t<\/div>\n\t\t<\/div>\n\t\t\t\t<div class=\"elementor-column elementor-col-50 elementor-top-column elementor-element elementor-element-a6f1542\" data-id=\"a6f1542\" data-element_type=\"column\" data-e-type=\"column\">\n\t\t\t<div class=\"elementor-widget-wrap elementor-element-populated\">\n\t\t\t\t\t\t<div class=\"elementor-element elementor-element-92c526e elementor-widget elementor-widget-image\" data-id=\"92c526e\" data-element_type=\"widget\" data-e-type=\"widget\" data-widget_type=\"image.default\">\n\t\t\t\t<div class=\"elementor-widget-container\">\n\t\t\t\t\t\t\t\t\t\t\t\t\t\t\t\t<a href=\"https:\/\/oeh-fhv.at\/wp-content\/uploads\/2022\/11\/WhatsApp-Image-2022-11-22-at-22.06.54.jpeg\" target=\"_blank\">\n\t\t\t\t\t\t\t<img fetchpriority=\"high\" decoding=\"async\" width=\"1600\" height=\"1600\" src=\"https:\/\/oeh-fhv.at\/wp-content\/uploads\/2022\/11\/WhatsApp-Image-2022-11-22-at-22.06.54.jpeg\" class=\"attachment-full size-full wp-image-6816\" alt=\"\" srcset=\"https:\/\/oeh-fhv.at\/wp-content\/uploads\/2022\/11\/WhatsApp-Image-2022-11-22-at-22.06.54.jpeg 1600w, https:\/\/oeh-fhv.at\/wp-content\/uploads\/2022\/11\/WhatsApp-Image-2022-11-22-at-22.06.54-1024x1024.jpeg 1024w, https:\/\/oeh-fhv.at\/wp-content\/uploads\/2022\/11\/WhatsApp-Image-2022-11-22-at-22.06.54-150x150.jpeg 150w, https:\/\/oeh-fhv.at\/wp-content\/uploads\/2022\/11\/WhatsApp-Image-2022-11-22-at-22.06.54-768x768.jpeg 768w, https:\/\/oeh-fhv.at\/wp-content\/uploads\/2022\/11\/WhatsApp-Image-2022-11-22-at-22.06.54-1536x1536.jpeg 1536w, https:\/\/oeh-fhv.at\/wp-content\/uploads\/2022\/11\/WhatsApp-Image-2022-11-22-at-22.06.54-12x12.jpeg 12w\" sizes=\"(max-width: 1600px) 100vw, 1600px\" \/>\t\t\t\t\t\t\t\t<\/a>\n\t\t\t\t\t\t\t\t\t\t\t\t\t\t\t<\/div>\n\t\t\t\t<\/div>\n\t\t\t\t\t<\/div>\n\t\t<\/div>\n\t\t\t\t\t<\/div>\n\t\t<\/section>\n\t\t\t\t<\/div>","protected":false},"excerpt":{"rendered":"<p>Erm\u00e4\u00dfigung Funworld Hard Erm\u00e4\u00dfigung bei Spielen in der Funworld Hard Sportsfreund:innen aufgepasst! Studierende der FHV k\u00f6nnen bei Vorlage der FHV-Campus Card 20% auf Spiele in der Funworld Hard erhalten.\u00a0 Was [&hellip;]<\/p>\n","protected":false},"author":9,"featured_media":0,"parent":3894,"menu_order":13,"comment_status":"closed","ping_status":"closed","template":"elementor_header_footer","meta":{"zakra_page_container_layout":"stretched","zakra_page_sidebar_layout":"no_sidebar","zakra_remove_content_margin":false,"zakra_sidebar":"customizer","zakra_transparent_header":"0","zakra_logo":0,"zakra_main_header_style":"default","zakra_menu_item_color":"","zakra_menu_item_hover_color":"","zakra_menu_item_active_color":"","zakra_menu_active_style":"","zakra_page_header":true,"footnotes":""},"class_list":["post-9428","page","type-page","status-publish","hentry"],"_links":{"self":[{"href":"https:\/\/oeh-fhv.at\/en\/wp-json\/wp\/v2\/pages\/9428","targetHints":{"allow":["GET"]}}],"collection":[{"href":"https:\/\/oeh-fhv.at\/en\/wp-json\/wp\/v2\/pages"}],"about":[{"href":"https:\/\/oeh-fhv.at\/en\/wp-json\/wp\/v2\/types\/page"}],"author":[{"embeddable":true,"href":"https:\/\/oeh-fhv.at\/en\/wp-json\/wp\/v2\/users\/9"}],"replies":[{"embeddable":true,"href":"https:\/\/oeh-fhv.at\/en\/wp-json\/wp\/v2\/comments?post=9428"}],"version-history":[{"count":13,"href":"https:\/\/oeh-fhv.at\/en\/wp-json\/wp\/v2\/pages\/9428\/revisions"}],"predecessor-version":[{"id":9495,"href":"https:\/\/oeh-fhv.at\/en\/wp-json\/wp\/v2\/pages\/9428\/revisions\/9495"}],"up":[{"embeddable":true,"href":"https:\/\/oeh-fhv.at\/en\/wp-json\/wp\/v2\/pages\/3894"}],"wp:attachment":[{"href":"https:\/\/oeh-fhv.at\/en\/wp-json\/wp\/v2\/media?parent=9428"}],"curies":[{"name":"wp","href":"https:\/\/api.w.org\/{rel}","templated":true}]}}