{"id":9438,"date":"2024-03-01T13:14:53","date_gmt":"2024-03-01T12:14:53","guid":{"rendered":"https:\/\/oeh-fhv.at\/?page_id=9438"},"modified":"2025-12-15T15:26:12","modified_gmt":"2025-12-15T14:26:12","slug":"padelzone","status":"publish","type":"page","link":"https:\/\/oeh-fhv.at\/en\/angebote\/padelzone\/","title":{"rendered":"Padelzone"},"content":{"rendered":"<div data-elementor-type=\"wp-page\" data-elementor-id=\"9438\" class=\"elementor elementor-9438\">\n\t\t\t\t\t\t<section class=\"elementor-section elementor-top-section elementor-element elementor-element-692542eb elementor-section-stretched elementor-section-boxed elementor-section-height-default elementor-section-height-default\" data-id=\"692542eb\" data-element_type=\"section\" data-e-type=\"section\" data-settings=\"{&quot;background_background&quot;:&quot;classic&quot;,&quot;stretch_section&quot;:&quot;section-stretched&quot;}\">\n\t\t\t\t\t\t<div class=\"elementor-container elementor-column-gap-no\">\n\t\t\t\t\t<div class=\"elementor-column elementor-col-100 elementor-top-column elementor-element elementor-element-79e0d142\" data-id=\"79e0d142\" data-element_type=\"column\" data-e-type=\"column\">\n\t\t\t<div class=\"elementor-widget-wrap elementor-element-populated\">\n\t\t\t\t\t\t<div class=\"elementor-element elementor-element-62d6b43d elementor-widget elementor-widget-heading\" data-id=\"62d6b43d\" data-element_type=\"widget\" data-e-type=\"widget\" data-widget_type=\"heading.default\">\n\t\t\t\t<div class=\"elementor-widget-container\">\n\t\t\t\t\t<h4 class=\"elementor-heading-title elementor-size-default\">Padelzone<\/h4>\t\t\t\t<\/div>\n\t\t\t\t<\/div>\n\t\t\t\t\t<\/div>\n\t\t<\/div>\n\t\t\t\t\t<\/div>\n\t\t<\/section>\n\t\t\t\t<section class=\"elementor-section elementor-top-section elementor-element elementor-element-264207f elementor-section-boxed elementor-section-height-default elementor-section-height-default\" data-id=\"264207f\" data-element_type=\"section\" data-e-type=\"section\">\n\t\t\t\t\t\t<div class=\"elementor-container elementor-column-gap-default\">\n\t\t\t\t\t<div class=\"elementor-column elementor-col-50 elementor-top-column elementor-element elementor-element-ff3b0b2\" data-id=\"ff3b0b2\" data-element_type=\"column\" data-e-type=\"column\">\n\t\t\t<div class=\"elementor-widget-wrap elementor-element-populated\">\n\t\t\t\t\t\t<div class=\"elementor-element elementor-element-94c0a89 elementor-widget elementor-widget-heading\" data-id=\"94c0a89\" data-element_type=\"widget\" data-e-type=\"widget\" data-widget_type=\"heading.default\">\n\t\t\t\t<div class=\"elementor-widget-container\">\n\t\t\t\t\t<h2 class=\"elementor-heading-title elementor-size-default\">Padelzone<\/h2>\t\t\t\t<\/div>\n\t\t\t\t<\/div>\n\t\t\t\t<div class=\"elementor-element elementor-element-af18138 elementor-widget elementor-widget-text-editor\" data-id=\"af18138\" data-element_type=\"widget\" data-e-type=\"widget\" data-widget_type=\"text-editor.default\">\n\t\t\t\t<div class=\"elementor-widget-container\">\n\t\t\t\t\t\t\t\t\t<p style=\"direction: ltr; font-size: 14px; font-style: normal; font-weight: 400; font-family: Montserrat; letter-spacing: 0.15px;\">We would like to inform you about an offer at the Padelzone G\u00f6tzis (<a style=\"direction: ltr;\" href=\"https:\/\/www.padelzone.at\/padeltennis-goetzis\">https:\/\/www.padelzone.at\/padeltennis-goetzis<\/a>) inform.<\/p><p style=\"direction: ltr; font-size: 14px; font-style: normal; font-weight: 400; font-family: Montserrat; letter-spacing: 0.15px;\"><span style=\"direction: ltr; font-weight: 600;\"><u style=\"direction: ltr;\">We offer discounted rates for court use, including rental clubs and balls:<\/u><\/span><\/p><ul style=\"direction: ltr; margin-bottom: 0px; margin-left: 0px; font-family: Montserrat; font-size: 14px; letter-spacing: 0.15px;\"><li><span data-olk-copy-source=\"MessageBody\">Monday - Friday, 07:00 - 13:00: \u20ac 16 per hour (<u>per student rate customer \u20ac 4.-<\/u>)<\/span><\/li><li>Monday - Friday, 13:00 - 16:00: \u20ac 20 per hour (<u>per student rate customer \u20ac 5.-<\/u>)<\/li><li>Monday - Friday, from 16:00: \u20ac 32 per hour (<u>per student rate customer \u20ac 8.-<\/u>)<\/li><li>Saturday &amp; Sunday all day: \u20ac 32.- per hour (<u>per student rate customer \u20ac 8.-<\/u>)<\/li><li style=\"direction: ltr; list-style: none; color: #555555 !important;\">\u00a0<\/li><li style=\"direction: ltr; list-style: none; color: #555555 !important;\">\u00a0<\/li><\/ul><p style=\"direction: ltr; font-size: 14px; font-style: normal; font-weight: 400; font-family: Montserrat; letter-spacing: 0.15px;\"><span style=\"direction: ltr; font-weight: 600;\"><u style=\"direction: ltr;\">This is how the offer works:<\/u><\/span><\/p><ol style=\"direction: ltr; font-family: Montserrat; font-size: 14px; letter-spacing: 0.15px;\"><li style=\"direction: ltr;\">Create an account on eversports.at<\/li><li style=\"direction: ltr;\">Send a short e-mail to <a style=\"direction: ltr;\" href=\"mailto:office@padelzone.at\">office@padelzone.at<\/a> with a photo of your student ID to apply for the reduced fare.<\/li><li style=\"direction: ltr;\">Your application will be processed within one week.<\/li><\/ol>\t\t\t\t\t\t\t\t<\/div>\n\t\t\t\t<\/div>\n\t\t\t\t\t<\/div>\n\t\t<\/div>\n\t\t\t\t<div class=\"elementor-column elementor-col-50 elementor-top-column elementor-element elementor-element-5b8bdcc\" data-id=\"5b8bdcc\" data-element_type=\"column\" data-e-type=\"column\">\n\t\t\t<div class=\"elementor-widget-wrap elementor-element-populated\">\n\t\t\t\t\t\t<div class=\"elementor-element elementor-element-83b852b elementor-widget elementor-widget-image\" data-id=\"83b852b\" data-element_type=\"widget\" data-e-type=\"widget\" data-widget_type=\"image.default\">\n\t\t\t\t<div class=\"elementor-widget-container\">\n\t\t\t\t\t\t\t\t\t\t\t\t\t\t\t<img fetchpriority=\"high\" decoding=\"async\" width=\"1180\" height=\"1669\" src=\"https:\/\/oeh-fhv.at\/wp-content\/uploads\/2023\/12\/Padelzoneneu-1482x2096.png\" class=\"attachment-large size-large wp-image-9123\" alt=\"\" srcset=\"https:\/\/oeh-fhv.at\/wp-content\/uploads\/2023\/12\/Padelzoneneu-1482x2096.png 1482w, https:\/\/oeh-fhv.at\/wp-content\/uploads\/2023\/12\/Padelzoneneu-724x1024.png 724w, https:\/\/oeh-fhv.at\/wp-content\/uploads\/2023\/12\/Padelzoneneu-768x1086.png 768w, https:\/\/oeh-fhv.at\/wp-content\/uploads\/2023\/12\/Padelzoneneu-35x50.png 35w, https:\/\/oeh-fhv.at\/wp-content\/uploads\/2023\/12\/Padelzoneneu-1086x1536.png 1086w, https:\/\/oeh-fhv.at\/wp-content\/uploads\/2023\/12\/Padelzoneneu-1448x2048.png 1448w, https:\/\/oeh-fhv.at\/wp-content\/uploads\/2023\/12\/Padelzoneneu-8x12.png 8w\" sizes=\"(max-width: 1180px) 100vw, 1180px\" \/>\t\t\t\t\t\t\t\t\t\t\t\t\t\t\t<\/div>\n\t\t\t\t<\/div>\n\t\t\t\t\t<\/div>\n\t\t<\/div>\n\t\t\t\t\t<\/div>\n\t\t<\/section>\n\t\t\t\t<\/div>","protected":false},"excerpt":{"rendered":"<p>Padelzone Padelzone Wir m\u00f6chten euch \u00fcber ein Angebot in der Padelzone G\u00f6tzis (https:\/\/www.padelzone.at\/padeltennis-goetzis) informieren. Wir bieten verg\u00fcnstigte Tarife f\u00fcr die Platznutzung, inklusive Leih-Schl\u00e4ger und B\u00e4lle: Montag &#8211; Freitag, 07:00 \u2013 [&hellip;]<\/p>\n","protected":false},"author":9,"featured_media":0,"parent":3894,"menu_order":13,"comment_status":"closed","ping_status":"closed","template":"elementor_header_footer","meta":{"zakra_page_container_layout":"stretched","zakra_page_sidebar_layout":"no_sidebar","zakra_remove_content_margin":false,"zakra_sidebar":"customizer","zakra_transparent_header":"0","zakra_logo":0,"zakra_main_header_style":"default","zakra_menu_item_color":"","zakra_menu_item_hover_color":"","zakra_menu_item_active_color":"","zakra_menu_active_style":"","zakra_page_header":true,"footnotes":""},"class_list":["post-9438","page","type-page","status-publish","hentry"],"_links":{"self":[{"href":"https:\/\/oeh-fhv.at\/en\/wp-json\/wp\/v2\/pages\/9438","targetHints":{"allow":["GET"]}}],"collection":[{"href":"https:\/\/oeh-fhv.at\/en\/wp-json\/wp\/v2\/pages"}],"about":[{"href":"https:\/\/oeh-fhv.at\/en\/wp-json\/wp\/v2\/types\/page"}],"author":[{"embeddable":true,"href":"https:\/\/oeh-fhv.at\/en\/wp-json\/wp\/v2\/users\/9"}],"replies":[{"embeddable":true,"href":"https:\/\/oeh-fhv.at\/en\/wp-json\/wp\/v2\/comments?post=9438"}],"version-history":[{"count":22,"href":"https:\/\/oeh-fhv.at\/en\/wp-json\/wp\/v2\/pages\/9438\/revisions"}],"predecessor-version":[{"id":10865,"href":"https:\/\/oeh-fhv.at\/en\/wp-json\/wp\/v2\/pages\/9438\/revisions\/10865"}],"up":[{"embeddable":true,"href":"https:\/\/oeh-fhv.at\/en\/wp-json\/wp\/v2\/pages\/3894"}],"wp:attachment":[{"href":"https:\/\/oeh-fhv.at\/en\/wp-json\/wp\/v2\/media?parent=9438"}],"curies":[{"name":"wp","href":"https:\/\/api.w.org\/{rel}","templated":true}]}}