{"id":9668,"date":"2024-04-30T18:41:32","date_gmt":"2024-04-30T16:41:32","guid":{"rendered":"https:\/\/oeh-fhv.at\/?page_id=9668"},"modified":"2024-05-03T14:47:40","modified_gmt":"2024-05-03T12:47:40","slug":"aufenthaltsraum","status":"publish","type":"page","link":"https:\/\/oeh-fhv.at\/en\/angebote\/aufenthaltsraum\/","title":{"rendered":"Lounge"},"content":{"rendered":"<div data-elementor-type=\"wp-page\" data-elementor-id=\"9668\" class=\"elementor elementor-9668\">\n\t\t\t\t\t\t<section class=\"elementor-section elementor-top-section elementor-element elementor-element-3becdb38 elementor-section-stretched elementor-section-boxed elementor-section-height-default elementor-section-height-default\" data-id=\"3becdb38\" data-element_type=\"section\" data-e-type=\"section\" data-settings=\"{&quot;background_background&quot;:&quot;classic&quot;,&quot;stretch_section&quot;:&quot;section-stretched&quot;}\">\n\t\t\t\t\t\t<div class=\"elementor-container elementor-column-gap-no\">\n\t\t\t\t\t<div class=\"elementor-column elementor-col-100 elementor-top-column elementor-element elementor-element-179dc9d7\" data-id=\"179dc9d7\" data-element_type=\"column\" data-e-type=\"column\">\n\t\t\t<div class=\"elementor-widget-wrap elementor-element-populated\">\n\t\t\t\t\t\t<div class=\"elementor-element elementor-element-39e1a69d elementor-widget elementor-widget-heading\" data-id=\"39e1a69d\" data-element_type=\"widget\" data-e-type=\"widget\" data-widget_type=\"heading.default\">\n\t\t\t\t<div class=\"elementor-widget-container\">\n\t\t\t\t\t<h4 class=\"elementor-heading-title elementor-size-default\">Lounge<\/h4>\t\t\t\t<\/div>\n\t\t\t\t<\/div>\n\t\t\t\t\t<\/div>\n\t\t<\/div>\n\t\t\t\t\t<\/div>\n\t\t<\/section>\n\t\t\t\t<section class=\"elementor-section elementor-top-section elementor-element elementor-element-b36dd1a elementor-section-stretched elementor-section-boxed elementor-section-height-default elementor-section-height-default\" data-id=\"b36dd1a\" data-element_type=\"section\" data-e-type=\"section\" data-settings=\"{&quot;stretch_section&quot;:&quot;section-stretched&quot;}\">\n\t\t\t\t\t\t<div class=\"elementor-container elementor-column-gap-default\">\n\t\t\t\t\t<div class=\"elementor-column elementor-col-66 elementor-top-column elementor-element elementor-element-257377c\" data-id=\"257377c\" data-element_type=\"column\" data-e-type=\"column\">\n\t\t\t<div class=\"elementor-widget-wrap elementor-element-populated\">\n\t\t\t\t\t\t<div class=\"elementor-element elementor-element-8a29c43 elementor-widget elementor-widget-heading\" data-id=\"8a29c43\" data-element_type=\"widget\" data-e-type=\"widget\" data-widget_type=\"heading.default\">\n\t\t\t\t<div class=\"elementor-widget-container\">\n\t\t\t\t\t<h2 class=\"elementor-heading-title elementor-size-default\">One room, many possibilities<\/h2>\t\t\t\t<\/div>\n\t\t\t\t<\/div>\n\t\t\t\t<div class=\"elementor-element elementor-element-c93e92c elementor-widget elementor-widget-text-editor\" data-id=\"c93e92c\" data-element_type=\"widget\" data-e-type=\"widget\" data-widget_type=\"text-editor.default\">\n\t\t\t\t<div class=\"elementor-widget-container\">\n\t\t\t\t\t\t\t\t\t<p>The lounge of the \u00d6H (room U315) is available to all students of the Vorarlberg University of Applied Sciences!<\/p><p>There are two fridges in the common room in which cold drinks can be stored. Two microwaves allow you to heat up food you have brought with you or prepare popcorn for \"media-rich courses\". A kettle allows you to enjoy hot drinks in the cold winter months.<\/p><p>Together with an HDMI cable, films can also be watched on the large TV without any problems.<\/p><p><b>Games, books, brochures<br \/><\/b>Of course, a room for students should not be without appropriate games, books and brochures. These can be used at any time.<\/p><p>Come along, we look forward to seeing you!<\/p>\t\t\t\t\t\t\t\t<\/div>\n\t\t\t\t<\/div>\n\t\t\t\t\t<\/div>\n\t\t<\/div>\n\t\t\t\t<div class=\"elementor-column elementor-col-33 elementor-top-column elementor-element elementor-element-946029a\" data-id=\"946029a\" data-element_type=\"column\" data-e-type=\"column\">\n\t\t\t<div class=\"elementor-widget-wrap elementor-element-populated\">\n\t\t\t\t\t\t<div class=\"elementor-element elementor-element-1788829 elementor-widget elementor-widget-heading\" data-id=\"1788829\" data-element_type=\"widget\" data-e-type=\"widget\" data-widget_type=\"heading.default\">\n\t\t\t\t<div class=\"elementor-widget-container\">\n\t\t\t\t\t<h2 class=\"elementor-heading-title elementor-size-default\">Info at a glance<\/h2>\t\t\t\t<\/div>\n\t\t\t\t<\/div>\n\t\t\t\t<div class=\"elementor-element elementor-element-5a5041b elementor-widget-divider--view-line elementor-widget elementor-widget-divider\" data-id=\"5a5041b\" data-element_type=\"widget\" data-e-type=\"widget\" data-widget_type=\"divider.default\">\n\t\t\t\t<div class=\"elementor-widget-container\">\n\t\t\t\t\t\t\t<div class=\"elementor-divider\">\n\t\t\t<span class=\"elementor-divider-separator\">\n\t\t\t\t\t\t<\/span>\n\t\t<\/div>\n\t\t\t\t\t\t<\/div>\n\t\t\t\t<\/div>\n\t\t\t\t<div class=\"elementor-element elementor-element-3dbce6e elementor-list-item-link-inline elementor-align-start elementor-icon-list--layout-traditional elementor-widget elementor-widget-icon-list\" data-id=\"3dbce6e\" data-element_type=\"widget\" data-e-type=\"widget\" data-widget_type=\"icon-list.default\">\n\t\t\t\t<div class=\"elementor-widget-container\">\n\t\t\t\t\t\t\t<ul class=\"elementor-icon-list-items\">\n\t\t\t\t\t\t\t<li class=\"elementor-icon-list-item\">\n\t\t\t\t\t\t\t\t\t\t\t<span class=\"elementor-icon-list-icon\">\n\t\t\t\t\t\t\t<i aria-hidden=\"true\" class=\"fas fa-map-pin\"><\/i>\t\t\t\t\t\t<\/span>\n\t\t\t\t\t\t\t\t\t\t<span class=\"elementor-icon-list-text\">\u00d6H lounge (U315)<\/span>\n\t\t\t\t\t\t\t\t\t<\/li>\n\t\t\t\t\t\t<\/ul>\n\t\t\t\t\t\t<\/div>\n\t\t\t\t<\/div>\n\t\t\t\t\t<\/div>\n\t\t<\/div>\n\t\t\t\t\t<\/div>\n\t\t<\/section>\n\t\t\t\t<section class=\"elementor-section elementor-top-section elementor-element elementor-element-60c3b89 elementor-section-boxed elementor-section-height-default elementor-section-height-default\" data-id=\"60c3b89\" data-element_type=\"section\" data-e-type=\"section\">\n\t\t\t\t\t\t<div class=\"elementor-container elementor-column-gap-default\">\n\t\t\t\t\t<div class=\"elementor-column elementor-col-33 elementor-top-column elementor-element elementor-element-7565bdc\" data-id=\"7565bdc\" data-element_type=\"column\" data-e-type=\"column\">\n\t\t\t<div class=\"elementor-widget-wrap elementor-element-populated\">\n\t\t\t\t\t\t<div class=\"elementor-element elementor-element-3d335e4 elementor-widget elementor-widget-image\" data-id=\"3d335e4\" data-element_type=\"widget\" data-e-type=\"widget\" data-widget_type=\"image.default\">\n\t\t\t\t<div class=\"elementor-widget-container\">\n\t\t\t\t\t\t\t\t\t\t\t\t<figure class=\"wp-caption\">\n\t\t\t\t\t\t\t\t\t\t<img fetchpriority=\"high\" decoding=\"async\" width=\"1024\" height=\"577\" src=\"https:\/\/oeh-fhv.at\/wp-content\/uploads\/2021\/09\/OeH-Aufenthaltsraum_Blog2-1024x577.jpg\" class=\"attachment-large size-large wp-image-3620\" alt=\"\" srcset=\"https:\/\/oeh-fhv.at\/wp-content\/uploads\/2021\/09\/OeH-Aufenthaltsraum_Blog2-1024x577.jpg 1024w, https:\/\/oeh-fhv.at\/wp-content\/uploads\/2021\/09\/OeH-Aufenthaltsraum_Blog2-300x169.jpg 300w, https:\/\/oeh-fhv.at\/wp-content\/uploads\/2021\/09\/OeH-Aufenthaltsraum_Blog2-768x432.jpg 768w, https:\/\/oeh-fhv.at\/wp-content\/uploads\/2021\/09\/OeH-Aufenthaltsraum_Blog2-1536x865.jpg 1536w, https:\/\/oeh-fhv.at\/wp-content\/uploads\/2021\/09\/OeH-Aufenthaltsraum_Blog2-2048x1153.jpg 2048w\" sizes=\"(max-width: 1024px) 100vw, 1024px\" \/>\t\t\t\t\t\t\t\t\t\t\t<figcaption class=\"widget-image-caption wp-caption-text\">Microwave \/ kettle \/ fridge<\/figcaption>\n\t\t\t\t\t\t\t\t\t\t<\/figure>\n\t\t\t\t\t\t\t\t\t<\/div>\n\t\t\t\t<\/div>\n\t\t\t\t\t<\/div>\n\t\t<\/div>\n\t\t\t\t<div class=\"elementor-column elementor-col-33 elementor-top-column elementor-element elementor-element-eebd466\" data-id=\"eebd466\" data-element_type=\"column\" data-e-type=\"column\">\n\t\t\t<div class=\"elementor-widget-wrap elementor-element-populated\">\n\t\t\t\t\t\t<div class=\"elementor-element elementor-element-adacbf2 elementor-widget elementor-widget-image\" data-id=\"adacbf2\" data-element_type=\"widget\" data-e-type=\"widget\" data-widget_type=\"image.default\">\n\t\t\t\t<div class=\"elementor-widget-container\">\n\t\t\t\t\t\t\t\t\t\t\t\t<figure class=\"wp-caption\">\n\t\t\t\t\t\t\t\t\t\t<img decoding=\"async\" width=\"1024\" height=\"577\" src=\"https:\/\/oeh-fhv.at\/wp-content\/uploads\/2021\/09\/OeH-Aufenthaltsraum_Blog3-1024x577.jpg\" class=\"attachment-large size-large wp-image-3621\" alt=\"\" srcset=\"https:\/\/oeh-fhv.at\/wp-content\/uploads\/2021\/09\/OeH-Aufenthaltsraum_Blog3-1024x577.jpg 1024w, https:\/\/oeh-fhv.at\/wp-content\/uploads\/2021\/09\/OeH-Aufenthaltsraum_Blog3-300x169.jpg 300w, https:\/\/oeh-fhv.at\/wp-content\/uploads\/2021\/09\/OeH-Aufenthaltsraum_Blog3-768x432.jpg 768w, https:\/\/oeh-fhv.at\/wp-content\/uploads\/2021\/09\/OeH-Aufenthaltsraum_Blog3-1536x865.jpg 1536w, https:\/\/oeh-fhv.at\/wp-content\/uploads\/2021\/09\/OeH-Aufenthaltsraum_Blog3-2048x1153.jpg 2048w\" sizes=\"(max-width: 1024px) 100vw, 1024px\" \/>\t\t\t\t\t\t\t\t\t\t\t<figcaption class=\"widget-image-caption wp-caption-text\">Television<\/figcaption>\n\t\t\t\t\t\t\t\t\t\t<\/figure>\n\t\t\t\t\t\t\t\t\t<\/div>\n\t\t\t\t<\/div>\n\t\t\t\t\t<\/div>\n\t\t<\/div>\n\t\t\t\t<div class=\"elementor-column elementor-col-33 elementor-top-column elementor-element elementor-element-87bd8a3\" data-id=\"87bd8a3\" data-element_type=\"column\" data-e-type=\"column\">\n\t\t\t<div class=\"elementor-widget-wrap elementor-element-populated\">\n\t\t\t\t\t\t<div class=\"elementor-element elementor-element-07044c8 elementor-widget elementor-widget-image\" data-id=\"07044c8\" data-element_type=\"widget\" data-e-type=\"widget\" data-widget_type=\"image.default\">\n\t\t\t\t<div class=\"elementor-widget-container\">\n\t\t\t\t\t\t\t\t\t\t\t\t<figure class=\"wp-caption\">\n\t\t\t\t\t\t\t\t\t\t<img decoding=\"async\" width=\"1024\" height=\"768\" src=\"https:\/\/oeh-fhv.at\/wp-content\/uploads\/2021\/09\/OeH-Aufenthaltsraum_Blog1-1024x768.jpeg\" class=\"attachment-large size-large wp-image-3619\" alt=\"\" srcset=\"https:\/\/oeh-fhv.at\/wp-content\/uploads\/2021\/09\/OeH-Aufenthaltsraum_Blog1-1024x768.jpeg 1024w, https:\/\/oeh-fhv.at\/wp-content\/uploads\/2021\/09\/OeH-Aufenthaltsraum_Blog1-300x225.jpeg 300w, https:\/\/oeh-fhv.at\/wp-content\/uploads\/2021\/09\/OeH-Aufenthaltsraum_Blog1-768x576.jpeg 768w, https:\/\/oeh-fhv.at\/wp-content\/uploads\/2021\/09\/OeH-Aufenthaltsraum_Blog1-1536x1152.jpeg 1536w, https:\/\/oeh-fhv.at\/wp-content\/uploads\/2021\/09\/OeH-Aufenthaltsraum_Blog1-2048x1536.jpeg 2048w\" sizes=\"(max-width: 1024px) 100vw, 1024px\" \/>\t\t\t\t\t\t\t\t\t\t\t<figcaption class=\"widget-image-caption wp-caption-text\">Seating options<\/figcaption>\n\t\t\t\t\t\t\t\t\t\t<\/figure>\n\t\t\t\t\t\t\t\t\t<\/div>\n\t\t\t\t<\/div>\n\t\t\t\t\t<\/div>\n\t\t<\/div>\n\t\t\t\t\t<\/div>\n\t\t<\/section>\n\t\t\t\t<\/div>","protected":false},"excerpt":{"rendered":"<p>Aufenthaltsraum Ein Raum, viele M\u00f6glichkeiten Der Aufenthaltsraum der \u00d6H (Raum U315) steht allen Studierenden der Fachhochschule Vorarlberg zur Verf\u00fcgung! Im Aufenthaltsraum finden sich zwei K\u00fchlschr\u00e4nke, in welchem k\u00fchlende Getr\u00e4nke gelagert [&hellip;]<\/p>\n","protected":false},"author":9,"featured_media":0,"parent":3894,"menu_order":10,"comment_status":"closed","ping_status":"closed","template":"elementor_header_footer","meta":{"zakra_page_container_layout":"stretched","zakra_page_sidebar_layout":"no_sidebar","zakra_remove_content_margin":false,"zakra_sidebar":"customizer","zakra_transparent_header":"0","zakra_logo":0,"zakra_main_header_style":"default","zakra_menu_item_color":"","zakra_menu_item_hover_color":"","zakra_menu_item_active_color":"","zakra_menu_active_style":"","zakra_page_header":true,"footnotes":""},"class_list":["post-9668","page","type-page","status-publish","hentry"],"_links":{"self":[{"href":"https:\/\/oeh-fhv.at\/en\/wp-json\/wp\/v2\/pages\/9668","targetHints":{"allow":["GET"]}}],"collection":[{"href":"https:\/\/oeh-fhv.at\/en\/wp-json\/wp\/v2\/pages"}],"about":[{"href":"https:\/\/oeh-fhv.at\/en\/wp-json\/wp\/v2\/types\/page"}],"author":[{"embeddable":true,"href":"https:\/\/oeh-fhv.at\/en\/wp-json\/wp\/v2\/users\/9"}],"replies":[{"embeddable":true,"href":"https:\/\/oeh-fhv.at\/en\/wp-json\/wp\/v2\/comments?post=9668"}],"version-history":[{"count":7,"href":"https:\/\/oeh-fhv.at\/en\/wp-json\/wp\/v2\/pages\/9668\/revisions"}],"predecessor-version":[{"id":9695,"href":"https:\/\/oeh-fhv.at\/en\/wp-json\/wp\/v2\/pages\/9668\/revisions\/9695"}],"up":[{"embeddable":true,"href":"https:\/\/oeh-fhv.at\/en\/wp-json\/wp\/v2\/pages\/3894"}],"wp:attachment":[{"href":"https:\/\/oeh-fhv.at\/en\/wp-json\/wp\/v2\/media?parent=9668"}],"curies":[{"name":"wp","href":"https:\/\/api.w.org\/{rel}","templated":true}]}}