{"id":9735,"date":"2024-05-22T08:11:32","date_gmt":"2024-05-22T06:11:32","guid":{"rendered":"https:\/\/oeh-fhv.at\/?page_id=9735"},"modified":"2024-06-03T08:22:11","modified_gmt":"2024-06-03T06:22:11","slug":"hygienespender","status":"publish","type":"page","link":"https:\/\/oeh-fhv.at\/en\/angebote\/hygienespender\/","title":{"rendered":"Hygiene dispenser"},"content":{"rendered":"<div data-elementor-type=\"wp-page\" data-elementor-id=\"9735\" class=\"elementor elementor-9735\">\n\t\t\t\t\t\t<section class=\"elementor-section elementor-top-section elementor-element elementor-element-5f3c9151 elementor-section-stretched elementor-section-boxed elementor-section-height-default elementor-section-height-default\" data-id=\"5f3c9151\" data-element_type=\"section\" data-e-type=\"section\" data-settings=\"{&quot;background_background&quot;:&quot;classic&quot;,&quot;stretch_section&quot;:&quot;section-stretched&quot;}\">\n\t\t\t\t\t\t<div class=\"elementor-container elementor-column-gap-no\">\n\t\t\t\t\t<div class=\"elementor-column elementor-col-100 elementor-top-column elementor-element elementor-element-2deeae3e\" data-id=\"2deeae3e\" data-element_type=\"column\" data-e-type=\"column\">\n\t\t\t<div class=\"elementor-widget-wrap elementor-element-populated\">\n\t\t\t\t\t\t<div class=\"elementor-element elementor-element-52fa81f2 elementor-widget elementor-widget-heading\" data-id=\"52fa81f2\" data-element_type=\"widget\" data-e-type=\"widget\" data-widget_type=\"heading.default\">\n\t\t\t\t<div class=\"elementor-widget-container\">\n\t\t\t\t\t<h4 class=\"elementor-heading-title elementor-size-default\">Hygiene dispenser<\/h4>\t\t\t\t<\/div>\n\t\t\t\t<\/div>\n\t\t\t\t\t<\/div>\n\t\t<\/div>\n\t\t\t\t\t<\/div>\n\t\t<\/section>\n\t\t\t\t<section class=\"elementor-section elementor-top-section elementor-element elementor-element-20cd866 elementor-section-stretched elementor-section-boxed elementor-section-height-default elementor-section-height-default\" data-id=\"20cd866\" data-element_type=\"section\" data-e-type=\"section\" data-settings=\"{&quot;stretch_section&quot;:&quot;section-stretched&quot;}\">\n\t\t\t\t\t\t<div class=\"elementor-container elementor-column-gap-default\">\n\t\t\t\t\t<div class=\"elementor-column elementor-col-66 elementor-top-column elementor-element elementor-element-00fa94e\" data-id=\"00fa94e\" data-element_type=\"column\" data-e-type=\"column\">\n\t\t\t<div class=\"elementor-widget-wrap elementor-element-populated\">\n\t\t\t\t\t\t<div class=\"elementor-element elementor-element-a737e50 elementor-widget elementor-widget-heading\" data-id=\"a737e50\" data-element_type=\"widget\" data-e-type=\"widget\" data-widget_type=\"heading.default\">\n\t\t\t\t<div class=\"elementor-widget-container\">\n\t\t\t\t\t<h2 class=\"elementor-heading-title elementor-size-default\">Hygiene dispenser<\/h2>\t\t\t\t<\/div>\n\t\t\t\t<\/div>\n\t\t\t\t<div class=\"elementor-element elementor-element-ebda649 elementor-widget elementor-widget-text-editor\" data-id=\"ebda649\" data-element_type=\"widget\" data-e-type=\"widget\" data-widget_type=\"text-editor.default\">\n\t\t\t\t<div class=\"elementor-widget-container\">\n\t\t\t\t\t\t\t\t\t<p>We have installed two hygiene dispensers for you.<\/p><p>These are located at two sites in the U-building:<\/p><ul><li><span style=\"font-family: var( --e-global-typography-text-font-family ), Sans-serif; letter-spacing: 0.01em;\">2nd floor ladies' toilet<\/span><\/li><li>3rd floor left gender-neutral toilet<\/li><\/ul><p><span lang=\"DE-AT\">Both dispensers are regularly refilled with pads and tampons. If you find an empty dispenser, you can contact us by e-mail (<a href=\"mailto:oeh@fhv.at\">oeh@fhv.at<\/a>) inform. <\/span><\/p>\t\t\t\t\t\t\t\t<\/div>\n\t\t\t\t<\/div>\n\t\t\t\t\t<\/div>\n\t\t<\/div>\n\t\t\t\t<div class=\"elementor-column elementor-col-33 elementor-top-column elementor-element elementor-element-3dbbfce\" data-id=\"3dbbfce\" data-element_type=\"column\" data-e-type=\"column\">\n\t\t\t<div class=\"elementor-widget-wrap elementor-element-populated\">\n\t\t\t\t\t\t<div class=\"elementor-element elementor-element-d876001 elementor-widget elementor-widget-image\" data-id=\"d876001\" data-element_type=\"widget\" data-e-type=\"widget\" data-widget_type=\"image.default\">\n\t\t\t\t<div class=\"elementor-widget-container\">\n\t\t\t\t\t\t\t\t\t\t\t\t<figure class=\"wp-caption\">\n\t\t\t\t\t\t\t\t\t\t<img fetchpriority=\"high\" decoding=\"async\" width=\"1024\" height=\"1024\" src=\"https:\/\/oeh-fhv.at\/wp-content\/uploads\/2024\/02\/hygiene_2-1024x1024.jpg\" class=\"attachment-medium size-medium wp-image-9379\" alt=\"\" srcset=\"https:\/\/oeh-fhv.at\/wp-content\/uploads\/2024\/02\/hygiene_2-1024x1024.jpg 1024w, https:\/\/oeh-fhv.at\/wp-content\/uploads\/2024\/02\/hygiene_2-150x150.jpg 150w, https:\/\/oeh-fhv.at\/wp-content\/uploads\/2024\/02\/hygiene_2-768x768.jpg 768w, https:\/\/oeh-fhv.at\/wp-content\/uploads\/2024\/02\/hygiene_2-50x50.jpg 50w, https:\/\/oeh-fhv.at\/wp-content\/uploads\/2024\/02\/hygiene_2-1536x1536.jpg 1536w, https:\/\/oeh-fhv.at\/wp-content\/uploads\/2024\/02\/hygiene_2-2048x2048.jpg 2048w, https:\/\/oeh-fhv.at\/wp-content\/uploads\/2024\/02\/hygiene_2-12x12.jpg 12w\" sizes=\"(max-width: 1024px) 100vw, 1024px\" \/>\t\t\t\t\t\t\t\t\t\t\t<figcaption class=\"widget-image-caption wp-caption-text\">Hygiene dispenser<\/figcaption>\n\t\t\t\t\t\t\t\t\t\t<\/figure>\n\t\t\t\t\t\t\t\t\t<\/div>\n\t\t\t\t<\/div>\n\t\t\t\t\t<\/div>\n\t\t<\/div>\n\t\t\t\t\t<\/div>\n\t\t<\/section>\n\t\t\t\t<\/div>","protected":false},"excerpt":{"rendered":"<p>Hygienespender Hygienespender Wir haben f\u00fcr euch zwei Hygienespender installiert. Diese befinden sich im U-Geb\u00e4ude an zwei Standorten: 2. Stock Damentoilette 3. Stock linke Gender-neutrale Toilette Beide Spender werden regelm\u00e4\u00dfig mit [&hellip;]<\/p>\n","protected":false},"author":9,"featured_media":0,"parent":3894,"menu_order":6,"comment_status":"closed","ping_status":"closed","template":"elementor_header_footer","meta":{"zakra_page_container_layout":"contained","zakra_page_sidebar_layout":"no_sidebar","zakra_remove_content_margin":false,"zakra_sidebar":"customizer","zakra_transparent_header":"0","zakra_logo":0,"zakra_main_header_style":"default","zakra_menu_item_color":"","zakra_menu_item_hover_color":"","zakra_menu_item_active_color":"","zakra_menu_active_style":"","zakra_page_header":true,"footnotes":""},"class_list":["post-9735","page","type-page","status-publish","hentry"],"_links":{"self":[{"href":"https:\/\/oeh-fhv.at\/en\/wp-json\/wp\/v2\/pages\/9735","targetHints":{"allow":["GET"]}}],"collection":[{"href":"https:\/\/oeh-fhv.at\/en\/wp-json\/wp\/v2\/pages"}],"about":[{"href":"https:\/\/oeh-fhv.at\/en\/wp-json\/wp\/v2\/types\/page"}],"author":[{"embeddable":true,"href":"https:\/\/oeh-fhv.at\/en\/wp-json\/wp\/v2\/users\/9"}],"replies":[{"embeddable":true,"href":"https:\/\/oeh-fhv.at\/en\/wp-json\/wp\/v2\/comments?post=9735"}],"version-history":[{"count":10,"href":"https:\/\/oeh-fhv.at\/en\/wp-json\/wp\/v2\/pages\/9735\/revisions"}],"predecessor-version":[{"id":9784,"href":"https:\/\/oeh-fhv.at\/en\/wp-json\/wp\/v2\/pages\/9735\/revisions\/9784"}],"up":[{"embeddable":true,"href":"https:\/\/oeh-fhv.at\/en\/wp-json\/wp\/v2\/pages\/3894"}],"wp:attachment":[{"href":"https:\/\/oeh-fhv.at\/en\/wp-json\/wp\/v2\/media?parent=9735"}],"curies":[{"name":"wp","href":"https:\/\/api.w.org\/{rel}","templated":true}]}}